{"id":1127,"date":"2026-04-28T22:12:54","date_gmt":"2026-04-28T22:12:54","guid":{"rendered":"https:\/\/website.ebsaar.com\/?page_id=1127"},"modified":"2026-05-12T06:17:20","modified_gmt":"2026-05-12T06:17:20","slug":"netzhautablosung","status":"publish","type":"page","link":"https:\/\/ebsaar.ae\/de\/detached-retina\/","title":{"rendered":"Netzhautabl\u00f6sung"},"content":{"rendered":"<div data-elementor-type=\"wp-page\" data-elementor-id=\"1127\" class=\"elementor elementor-1127\" data-elementor-post-type=\"page\">\n\t\t\t\t<div class=\"elementor-element elementor-element-5c3fb80 e-flex e-con-boxed e-con e-parent\" data-id=\"5c3fb80\" data-element_type=\"container\" data-e-type=\"container\" data-settings=\"{&quot;background_background&quot;:&quot;classic&quot;}\">\n\t\t\t\t\t<div class=\"e-con-inner\">\n\t\t<div class=\"elementor-element elementor-element-27813b33 e-con-full e-flex e-con e-child\" data-id=\"27813b33\" data-element_type=\"container\" data-e-type=\"container\">\n\t\t\t\t<div class=\"elementor-element elementor-element-4596f7b3 elementor-widget__width-auto elementor-invisible elementor-widget elementor-widget-heading\" data-id=\"4596f7b3\" data-element_type=\"widget\" data-e-type=\"widget\" data-settings=\"{&quot;_animation&quot;:&quot;slideInUp&quot;}\" data-widget_type=\"heading.default\">\n\t\t\t\t\t<h1 class=\"elementor-heading-title elementor-size-default\">Netzhautabl\u00f6sung<\/h1>\t\t\t\t<\/div>\n\t\t\t\t<\/div>\n\t\t\t\t\t<\/div>\n\t\t\t\t<\/div>\n\t\t<div class=\"elementor-element elementor-element-3387d46c e-flex e-con-boxed e-con e-parent\" data-id=\"3387d46c\" data-element_type=\"container\" data-e-type=\"container\">\n\t\t\t\t\t<div class=\"e-con-inner\">\n\t\t\t\t<div class=\"elementor-element elementor-element-5c4985eb elementor-widget elementor-widget-heading\" data-id=\"5c4985eb\" data-element_type=\"widget\" data-e-type=\"widget\" data-widget_type=\"heading.default\">\n\t\t\t\t\t<h2 class=\"elementor-heading-title elementor-size-default\">Effective Detached Retina Treatment in Dubai<\/h2>\t\t\t\t<\/div>\n\t\t\t\t\t<\/div>\n\t\t\t\t<\/div>\n\t\t<div class=\"elementor-element elementor-element-2bc9eb07 e-flex e-con-boxed e-con e-parent\" data-id=\"2bc9eb07\" data-element_type=\"container\" data-e-type=\"container\">\n\t\t\t\t\t<div class=\"e-con-inner\">\n\t\t\t\t<div class=\"elementor-element elementor-element-7db06921 elementor-widget elementor-widget-text-editor\" data-id=\"7db06921\" data-element_type=\"widget\" data-e-type=\"widget\" data-widget_type=\"text-editor.default\">\n\t\t\t\t\t\t\t\t\t<p>Kritische Behandlung zur Sicherung der Netzhaut und zur Verhinderung irreversibler Blindheit.<\/p>\t\t\t\t\t\t\t\t<\/div>\n\t\t\t\t\t<\/div>\n\t\t\t\t<\/div>\n\t\t<div class=\"elementor-element elementor-element-2af8912b e-flex e-con-boxed e-con e-parent\" data-id=\"2af8912b\" data-element_type=\"container\" data-e-type=\"container\" data-settings=\"{&quot;background_background&quot;:&quot;classic&quot;}\">\n\t\t\t\t\t<div class=\"e-con-inner\">\n\t\t<div class=\"elementor-element elementor-element-3079fbc1 e-con-full e-flex e-con e-child\" data-id=\"3079fbc1\" data-element_type=\"container\" data-e-type=\"container\">\n\t\t\t\t<div class=\"elementor-element elementor-element-a9c55d4 elementor-widget elementor-widget-image\" data-id=\"a9c55d4\" data-element_type=\"widget\" data-e-type=\"widget\" data-widget_type=\"image.default\">\n\t\t\t\t\t\t\t\t\t\t\t\t\t\t\t<img fetchpriority=\"high\" decoding=\"async\" width=\"500\" height=\"333\" src=\"https:\/\/ebsaar.ae\/wp-content\/uploads\/2026\/04\/Detached-Retina-causes.avif\" class=\"attachment-large size-large wp-image-1210\" alt=\"Effective Detached Retina Treatment in Dubai\" \/>\t\t\t\t\t\t\t\t\t\t\t\t\t\t\t<\/div>\n\t\t\t\t<\/div>\n\t\t<div class=\"elementor-element elementor-element-1cf324cd e-con-full e-flex e-con e-child\" data-id=\"1cf324cd\" data-element_type=\"container\" data-e-type=\"container\">\n\t\t\t\t<div class=\"elementor-element elementor-element-72ce8df6 elementor-widget elementor-widget-n-accordion\" data-id=\"72ce8df6\" data-element_type=\"widget\" data-e-type=\"widget\" data-settings=\"{&quot;default_state&quot;:&quot;all_collapsed&quot;,&quot;max_items_expended&quot;:&quot;one&quot;,&quot;n_accordion_animation_duration&quot;:{&quot;unit&quot;:&quot;ms&quot;,&quot;size&quot;:400,&quot;sizes&quot;:[]}}\" data-widget_type=\"nested-accordion.default\">\n\t\t\t\t\t\t\t<div class=\"e-n-accordion\" aria-label=\"Akkordeon. Links mit Enter oder Leertaste \u00f6ffnen, mit Escape schlie\u00dfen und mit den Pfeiltasten navigieren\">\n\t\t\t\t\t\t<details id=\"e-n-accordion-item-1920\" class=\"e-n-accordion-item\" >\n\t\t\t\t<summary class=\"e-n-accordion-item-title\" data-accordion-index=\"1\" tabindex=\"0\" aria-expanded=\"false\" aria-controls=\"e-n-accordion-item-1920\" >\n\t\t\t\t\t<span class='e-n-accordion-item-title-header'><div class=\"e-n-accordion-item-title-text\"> Was ist eine Netzhautabl\u00f6sung? <\/div><\/span>\n\t\t\t\t\t\t\t<span class='e-n-accordion-item-title-icon'>\n\t\t\t<span class='e-opened' ><svg aria-hidden=\"true\" class=\"e-font-icon-svg e-fas-minus\" viewbox=\"0 0 448 512\" xmlns=\"http:\/\/www.w3.org\/2000\/svg\"><path d=\"M416 208H32c-17.67 0-32 14.33-32 32v32c0 17.67 14.33 32 32 32h384c17.67 0 32-14.33 32-32v-32c0-17.67-14.33-32-32-32z\"><\/path><\/svg><\/span>\n\t\t\t<span class='e-closed'><svg aria-hidden=\"true\" class=\"e-font-icon-svg e-fas-plus\" viewbox=\"0 0 448 512\" xmlns=\"http:\/\/www.w3.org\/2000\/svg\"><path d=\"M416 208H272V64c0-17.67-14.33-32-32-32h-32c-17.67 0-32 14.33-32 32v144H32c-17.67 0-32 14.33-32 32v32c0 17.67 14.33 32 32 32h144v144c0 17.67 14.33 32 32 32h32c17.67 0 32-14.33 32-32V304h144c17.67 0 32-14.33 32-32v-32c0-17.67-14.33-32-32-32z\"><\/path><\/svg><\/span>\n\t\t<\/span>\n\n\t\t\t\t\t\t<\/summary>\n\t\t\t\t<div role=\"region\" aria-labelledby=\"e-n-accordion-item-1920\" class=\"elementor-element elementor-element-7d4f689f e-con-full e-flex e-con e-child\" data-id=\"7d4f689f\" data-element_type=\"container\" data-e-type=\"container\">\n\t\t\t\t<div class=\"elementor-element elementor-element-19e8e15 elementor-widget elementor-widget-text-editor\" data-id=\"19e8e15\" data-element_type=\"widget\" data-e-type=\"widget\" data-widget_type=\"text-editor.default\">\n\t\t\t\t\t\t\t\t\t<p data-start=\"886\" data-end=\"1199\">Die Netzhaut ist ein empfindliches, essenzielles Gewebe, das die R\u00fcckseite des Auges auskleidet. Sie wandelt Licht in elektrische Signale um, die das Gehirn als Sehkraft interpretiert. Wenn sich die Netzhaut abl\u00f6st, ist ihre Funktion beeintr\u00e4chtigt, da sie nicht mehr an ihren n\u00e4hrenden Schichten anliegt. Diese Unterbrechung kann Ihr Sehverm\u00f6gen schnell beeintr\u00e4chtigen.<\/p><p data-start=\"1201\" data-end=\"1464\">Eine Netzhautabl\u00f6sung kann pl\u00f6tzlich oder allm\u00e4hlich auftreten. In beiden F\u00e4llen gilt sie als medizinischer Notfall. Eine fr\u00fchzeitige Intervention mit fach\u00e4rztlicher Diagnose und Operation von Netzhautabl\u00f6sungen erh\u00f6ht die Chancen auf eine Sehverbesserung und sch\u00fctzt Sie vor dauerhaftem Sehverlust.<\/p>\t\t\t\t\t\t\t\t<\/div>\n\t\t\t\t<\/div>\n\t\t\t\t\t<\/details>\n\t\t\t\t\t\t<details id=\"e-n-accordion-item-1921\" class=\"e-n-accordion-item\" >\n\t\t\t\t<summary class=\"e-n-accordion-item-title\" data-accordion-index=\"2\" tabindex=\"-1\" aria-expanded=\"false\" aria-controls=\"e-n-accordion-item-1921\" >\n\t\t\t\t\t<span class='e-n-accordion-item-title-header'><div class=\"e-n-accordion-item-title-text\"> Warum eine Netzhautabl\u00f6sung ernst ist <\/div><\/span>\n\t\t\t\t\t\t\t<span class='e-n-accordion-item-title-icon'>\n\t\t\t<span class='e-opened' ><svg aria-hidden=\"true\" class=\"e-font-icon-svg e-fas-minus\" viewbox=\"0 0 448 512\" xmlns=\"http:\/\/www.w3.org\/2000\/svg\"><path d=\"M416 208H32c-17.67 0-32 14.33-32 32v32c0 17.67 14.33 32 32 32h384c17.67 0 32-14.33 32-32v-32c0-17.67-14.33-32-32-32z\"><\/path><\/svg><\/span>\n\t\t\t<span class='e-closed'><svg aria-hidden=\"true\" class=\"e-font-icon-svg e-fas-plus\" viewbox=\"0 0 448 512\" xmlns=\"http:\/\/www.w3.org\/2000\/svg\"><path d=\"M416 208H272V64c0-17.67-14.33-32-32-32h-32c-17.67 0-32 14.33-32 32v144H32c-17.67 0-32 14.33-32 32v32c0 17.67 14.33 32 32 32h144v144c0 17.67 14.33 32 32 32h32c17.67 0 32-14.33 32-32V304h144c17.67 0 32-14.33 32-32v-32c0-17.67-14.33-32-32-32z\"><\/path><\/svg><\/span>\n\t\t<\/span>\n\n\t\t\t\t\t\t<\/summary>\n\t\t\t\t<div role=\"region\" aria-labelledby=\"e-n-accordion-item-1921\" class=\"elementor-element elementor-element-420d4b16 e-con-full e-flex e-con e-child\" data-id=\"420d4b16\" data-element_type=\"container\" data-e-type=\"container\">\n\t\t\t\t<div class=\"elementor-element elementor-element-71d67a6 elementor-widget elementor-widget-text-editor\" data-id=\"71d67a6\" data-element_type=\"widget\" data-e-type=\"widget\" data-widget_type=\"text-editor.default\">\n\t\t\t\t\t\t\t\t\t<p data-start=\"1508\" data-end=\"1774\">Wenn sich die Netzhaut von ihrer darunter liegenden Unterst\u00fctzung l\u00f6st, verliert das Auge seine F\u00e4higkeit, klare visuelle Signale an das Gehirn zu senden. Im Gegensatz zu kleineren Augenreizungen oder vor\u00fcbergehenden St\u00f6rungen beeintr\u00e4chtigt eine Netzhautabl\u00f6sung die grundlegende Struktur des Auges. Ohne schnelles Handeln:<\/p><ul data-start=\"1776\" data-end=\"1891\"><li data-start=\"1776\" data-end=\"1808\"><p data-start=\"1778\" data-end=\"1808\">Die Sehkraft kann sich schnell verschlechtern<\/p><\/li><li data-start=\"1809\" data-end=\"1839\"><p data-start=\"1811\" data-end=\"1839\">Permanente Narbenbildung kann auftreten<\/p><\/li><li data-start=\"1840\" data-end=\"1891\"><p data-start=\"1842\" data-end=\"1891\">Die Netzhaut k\u00f6nnte sich ohne eine Operation nicht mehr zur\u00fcckbilden.<\/p><\/li><\/ul><p data-start=\"1893\" data-end=\"1999\">Wenn Sie Warnzeichen einer Netzhautabl\u00f6sung bemerken, ist eine sofortige Untersuchung durch einen Augenarzt unerl\u00e4sslich.<\/p>\t\t\t\t\t\t\t\t<\/div>\n\t\t\t\t<\/div>\n\t\t\t\t\t<\/details>\n\t\t\t\t\t\t<details id=\"e-n-accordion-item-1922\" class=\"e-n-accordion-item\" >\n\t\t\t\t<summary class=\"e-n-accordion-item-title\" data-accordion-index=\"3\" tabindex=\"-1\" aria-expanded=\"false\" aria-controls=\"e-n-accordion-item-1922\" >\n\t\t\t\t\t<span class='e-n-accordion-item-title-header'><div class=\"e-n-accordion-item-title-text\"> H\u00e4ufige Anzeichen &amp; Symptome <\/div><\/span>\n\t\t\t\t\t\t\t<span class='e-n-accordion-item-title-icon'>\n\t\t\t<span class='e-opened' ><svg aria-hidden=\"true\" class=\"e-font-icon-svg e-fas-minus\" viewbox=\"0 0 448 512\" xmlns=\"http:\/\/www.w3.org\/2000\/svg\"><path d=\"M416 208H32c-17.67 0-32 14.33-32 32v32c0 17.67 14.33 32 32 32h384c17.67 0 32-14.33 32-32v-32c0-17.67-14.33-32-32-32z\"><\/path><\/svg><\/span>\n\t\t\t<span class='e-closed'><svg aria-hidden=\"true\" class=\"e-font-icon-svg e-fas-plus\" viewbox=\"0 0 448 512\" xmlns=\"http:\/\/www.w3.org\/2000\/svg\"><path d=\"M416 208H272V64c0-17.67-14.33-32-32-32h-32c-17.67 0-32 14.33-32 32v144H32c-17.67 0-32 14.33-32 32v32c0 17.67 14.33 32 32 32h144v144c0 17.67 14.33 32 32 32h32c17.67 0 32-14.33 32-32V304h144c17.67 0 32-14.33 32-32v-32c0-17.67-14.33-32-32-32z\"><\/path><\/svg><\/span>\n\t\t<\/span>\n\n\t\t\t\t\t\t<\/summary>\n\t\t\t\t<div role=\"region\" aria-labelledby=\"e-n-accordion-item-1922\" class=\"elementor-element elementor-element-3f5423c0 e-flex e-con-boxed e-con e-child\" data-id=\"3f5423c0\" data-element_type=\"container\" data-e-type=\"container\">\n\t\t\t\t\t<div class=\"e-con-inner\">\n\t\t\t\t<div class=\"elementor-element elementor-element-664cd6dc elementor-widget elementor-widget-text-editor\" data-id=\"664cd6dc\" data-element_type=\"widget\" data-e-type=\"widget\" data-widget_type=\"text-editor.default\">\n\t\t\t\t\t\t\t\t\t<div class=\"elementor-element elementor-element-5d47af4 elementor-widget elementor-widget-heading\" data-id=\"5d47af4\" data-element_type=\"widget\" data-e-type=\"widget\" data-widget_type=\"heading.default\"><div class=\"elementor-element elementor-element-42f538a0 elementor-widget elementor-widget-text-editor\" data-id=\"42f538a0\" data-element_type=\"widget\" data-e-type=\"widget\" data-widget_type=\"text-editor.default\"><p data-start=\"2055\" data-end=\"2180\">Symptome eines Netzhautrisses beginnen oft subtil und entwickeln sich schnell. Das Erkennen dieser fr\u00fchen Warnzeichen kann Ihr Sehverm\u00f6gen retten:<\/p><\/div><div class=\"elementor-element elementor-element-b5ac134 e-con-full e-flex e-con e-child\" data-id=\"b5ac134\" data-element_type=\"container\" data-e-type=\"container\"><div class=\"elementor-element elementor-element-5dd2c2be elementor-widget elementor-widget-heading\" data-id=\"5dd2c2be\" data-element_type=\"widget\" data-e-type=\"widget\" data-widget_type=\"heading.default\"><h3 class=\"elementor-heading-title elementor-size-default\">1. Pl\u00f6tzliche Lichtblitze<\/h3><\/div><div class=\"elementor-element elementor-element-1360a8c elementor-widget elementor-widget-text-editor\" data-id=\"1360a8c\" data-element_type=\"widget\" data-e-type=\"widget\" data-widget_type=\"text-editor.default\"><p data-start=\"2217\" data-end=\"2324\">Lichtblitze zu sehen \u2013 oft wie Sterne nach einem Blitzlicht beschrieben \u2013 kann darauf hindeuten, dass an der Netzhaut gezogen wird.<\/p><\/div><\/div><div class=\"elementor-element elementor-element-36506e32 e-con-full e-flex e-con e-child\" data-id=\"36506e32\" data-element_type=\"container\" data-e-type=\"container\"><div class=\"elementor-element elementor-element-4ec1dc19 elementor-widget elementor-widget-heading\" data-id=\"4ec1dc19\" data-element_type=\"widget\" data-e-type=\"widget\" data-widget_type=\"heading.default\"><h3 class=\"elementor-heading-title elementor-size-default\">2. Neue oder zunehmende Glask\u00f6rpertr\u00fcbungen<\/h3><\/div><div class=\"elementor-element elementor-element-71afa145 elementor-widget elementor-widget-text-editor\" data-id=\"71afa145\" data-element_type=\"widget\" data-e-type=\"widget\" data-widget_type=\"text-editor.default\"><p data-start=\"2364\" data-end=\"2448\">Sie bemerken m\u00f6glicherweise Flocken, F\u00e4den oder spinnwebartige Schatten, die durch Ihr Blickfeld treiben.<\/p><\/div><\/div><div class=\"elementor-element elementor-element-63925294 e-con-full e-flex e-con e-child\" data-id=\"63925294\" data-element_type=\"container\" data-e-type=\"container\"><div class=\"elementor-element elementor-element-5bb4463a elementor-widget elementor-widget-heading\" data-id=\"5bb4463a\" data-element_type=\"widget\" data-e-type=\"widget\" data-widget_type=\"heading.default\"><h3 class=\"elementor-heading-title elementor-size-default\">3. Verschwommenes Sehen<\/h3><\/div><div class=\"elementor-element elementor-element-3310c663 elementor-widget elementor-widget-text-editor\" data-id=\"3310c663\" data-element_type=\"widget\" data-e-type=\"widget\" data-widget_type=\"text-editor.default\"><p data-start=\"2476\" data-end=\"2549\">Wenn sich die Netzhaut zu l\u00f6sen beginnt, kann Ihre Sicht verschwommen oder unklar werden.<\/p><\/div><\/div><div class=\"elementor-element elementor-element-ad88c1c e-con-full e-flex e-con e-child\" data-id=\"ad88c1c\" data-element_type=\"container\" data-e-type=\"container\"><div class=\"elementor-element elementor-element-2dcb56b elementor-widget elementor-widget-heading\" data-id=\"2dcb56b\" data-element_type=\"widget\" data-e-type=\"widget\" data-widget_type=\"heading.default\"><h3 class=\"elementor-heading-title elementor-size-default\">4. Schatten oder Vorhang vor dem Auge<\/h3><\/div><div class=\"elementor-element elementor-element-d0c89b9 elementor-widget elementor-widget-text-editor\" data-id=\"d0c89b9\" data-element_type=\"widget\" data-e-type=\"widget\" data-widget_type=\"text-editor.default\"><p data-start=\"2592\" data-end=\"2728\">Ein h\u00e4ufiges Leitsymptom ist ein dunkler Schatten, der sich \u00fcber Ihr seitliches (peripheres) Sehverm\u00f6gen legt, wie ein Vorhang, der sich \u00fcber Ihr Sichtfeld senkt.<\/p><\/div><\/div><div class=\"elementor-element elementor-element-d14441d e-con-full e-flex e-con e-child\" data-id=\"d14441d\" data-element_type=\"container\" data-e-type=\"container\"><div class=\"elementor-element elementor-element-e556f56 elementor-widget elementor-widget-heading\" data-id=\"e556f56\" data-element_type=\"widget\" data-e-type=\"widget\" data-widget_type=\"heading.default\"><h3 class=\"elementor-heading-title elementor-size-default\">5. Kein Schmerz<\/h3><\/div><div class=\"elementor-element elementor-element-17d9560 elementor-widget elementor-widget-text-editor\" data-id=\"17d9560\" data-element_type=\"widget\" data-e-type=\"widget\" data-widget_type=\"text-editor.default\"><p data-start=\"2749\" data-end=\"2893\">Im Gegensatz zu vielen Augenproblemen verursacht eine Netzhautabl\u00f6sung typischerweise keine Schmerzen. Schmerz ist kein verl\u00e4ssliches Zeichen, daher sollten Sehst\u00f6rungen niemals ignoriert werden.<\/p><p data-start=\"2895\" data-end=\"3098\">Wenn Sie eines dieser Symptome bemerken \u2013 auch wenn das Sehen stabil erscheint \u2013, ist eine sofortige Untersuchung unerl\u00e4sslich. Eine rechtzeitige Behandlung kann den Unterschied zwischen erhaltenem Sehverm\u00f6gen und dauerhafter Erblindung bedeuten.<\/p><\/div><\/div><\/div>\t\t\t\t\t\t\t\t<\/div>\n\t\t\t\t\t<\/div>\n\t\t\t\t<\/div>\n\t\t\t\t\t<\/details>\n\t\t\t\t\t<\/div>\n\t\t\t\t\t\t<\/div>\n\t\t\t\t<\/div>\n\t\t\t\t\t<\/div>\n\t\t\t\t<\/div>\n\t\t<div class=\"elementor-element elementor-element-153bdea7 e-con-full e-flex e-con e-parent\" data-id=\"153bdea7\" data-element_type=\"container\" data-e-type=\"container\">\n\t\t\t\t<div class=\"elementor-element elementor-element-7eefe002 elementor-widget elementor-widget-heading\" data-id=\"7eefe002\" data-element_type=\"widget\" data-e-type=\"widget\" data-widget_type=\"heading.default\">\n\t\t\t\t\t<h2 class=\"elementor-heading-title elementor-size-default\">Externe Ressourcen <\/h2>\t\t\t\t<\/div>\n\t\t\t\t<div class=\"elementor-element elementor-element-1a0f6cde elementor-icon-list--layout-traditional elementor-list-item-link-full_width elementor-widget elementor-widget-icon-list\" data-id=\"1a0f6cde\" data-element_type=\"widget\" data-e-type=\"widget\" data-widget_type=\"icon-list.default\">\n\t\t\t\t\t\t\t<ul class=\"elementor-icon-list-items\">\n\t\t\t\t\t\t\t<li class=\"elementor-icon-list-item\">\n\t\t\t\t\t\t\t\t\t\t\t<a href=\"https:\/\/www.aao.org\/eye-health\/diseases\/detached-torn-retina\" target=\"_blank\" rel=\"noopener\">\n\n\t\t\t\t\t\t\t\t\t\t\t\t<span class=\"elementor-icon-list-icon\">\n\t\t\t\t\t\t\t<svg aria-hidden=\"true\" class=\"e-font-icon-svg e-fas-check\" viewbox=\"0 0 512 512\" xmlns=\"http:\/\/www.w3.org\/2000\/svg\"><path d=\"M173.898 439.404l-166.4-166.4c-9.997-9.997-9.997-26.206 0-36.204l36.203-36.204c9.997-9.998 26.207-9.998 36.204 0L192 312.69 432.095 72.596c9.997-9.997 26.207-9.997 36.204 0l36.203 36.204c9.997 9.997 9.997 26.206 0 36.204l-294.4 294.401c-9.998 9.997-26.207 9.997-36.204-.001z\"><\/path><\/svg>\t\t\t\t\t\t<\/span>\n\t\t\t\t\t\t\t\t\t\t<span class=\"elementor-icon-list-text\">Amerikanische Akademie f\u00fcr Ophthalmologie (AAO)<\/span>\n\t\t\t\t\t\t\t\t\t\t\t<\/a>\n\t\t\t\t\t\t\t\t\t<\/li>\n\t\t\t\t\t\t\t\t<li class=\"elementor-icon-list-item\">\n\t\t\t\t\t\t\t\t\t\t\t<a href=\"https:\/\/www.nhs.uk\/conditions\/detached-retina-retinal-detachment\/\" target=\"_blank\" rel=\"noopener\">\n\n\t\t\t\t\t\t\t\t\t\t\t\t<span class=\"elementor-icon-list-icon\">\n\t\t\t\t\t\t\t<svg aria-hidden=\"true\" class=\"e-font-icon-svg e-fas-check\" viewbox=\"0 0 512 512\" xmlns=\"http:\/\/www.w3.org\/2000\/svg\"><path d=\"M173.898 439.404l-166.4-166.4c-9.997-9.997-9.997-26.206 0-36.204l36.203-36.204c9.997-9.998 26.207-9.998 36.204 0L192 312.69 432.095 72.596c9.997-9.997 26.207-9.997 36.204 0l36.203 36.204c9.997 9.997 9.997 26.206 0 36.204l-294.4 294.401c-9.998 9.997-26.207 9.997-36.204-.001z\"><\/path><\/svg>\t\t\t\t\t\t<\/span>\n\t\t\t\t\t\t\t\t\t\t<span class=\"elementor-icon-list-text\">NHS Vereinigtes K\u00f6nigreich<\/span>\n\t\t\t\t\t\t\t\t\t\t\t<\/a>\n\t\t\t\t\t\t\t\t\t<\/li>\n\t\t\t\t\t\t\t\t<li class=\"elementor-icon-list-item\">\n\t\t\t\t\t\t\t\t\t\t\t<a href=\"https:\/\/www.uofmhealth.org\/our-care\/specialties-services\/detached-retina-retinal-detachment\" target=\"_blank\" rel=\"noopener\">\n\n\t\t\t\t\t\t\t\t\t\t\t\t<span class=\"elementor-icon-list-icon\">\n\t\t\t\t\t\t\t<svg aria-hidden=\"true\" class=\"e-font-icon-svg e-fas-check\" viewbox=\"0 0 512 512\" xmlns=\"http:\/\/www.w3.org\/2000\/svg\"><path d=\"M173.898 439.404l-166.4-166.4c-9.997-9.997-9.997-26.206 0-36.204l36.203-36.204c9.997-9.998 26.207-9.998 36.204 0L192 312.69 432.095 72.596c9.997-9.997 26.207-9.997 36.204 0l36.203 36.204c9.997 9.997 9.997 26.206 0 36.204l-294.4 294.401c-9.998 9.997-26.207 9.997-36.204-.001z\"><\/path><\/svg>\t\t\t\t\t\t<\/span>\n\t\t\t\t\t\t\t\t\t\t<span class=\"elementor-icon-list-text\">Universit\u00e4tsklinikum Michigan<\/span>\n\t\t\t\t\t\t\t\t\t\t\t<\/a>\n\t\t\t\t\t\t\t\t\t<\/li>\n\t\t\t\t\t\t<\/ul>\n\t\t\t\t\t\t<\/div>\n\t\t\t\t<\/div>\n\t\t<div class=\"elementor-element elementor-element-5f9965a2 e-flex e-con-boxed e-con e-parent\" data-id=\"5f9965a2\" data-element_type=\"container\" data-e-type=\"container\">\n\t\t\t\t\t<div class=\"e-con-inner\">\n\t\t\t\t<div class=\"elementor-element elementor-element-17cb22bc elementor-widget elementor-widget-heading\" data-id=\"17cb22bc\" data-element_type=\"widget\" data-e-type=\"widget\" data-widget_type=\"heading.default\">\n\t\t\t\t\t<h2 class=\"elementor-heading-title elementor-size-default\">H\u00e4ufig gestellte Fragen (FAQs)<\/h2>\t\t\t\t<\/div>\n\t\t\t\t\t<\/div>\n\t\t\t\t<\/div>\n\t\t<div class=\"elementor-element elementor-element-34f34b42 e-flex e-con-boxed e-con e-parent\" data-id=\"34f34b42\" data-element_type=\"container\" data-e-type=\"container\" data-settings=\"{&quot;background_background&quot;:&quot;classic&quot;}\">\n\t\t\t\t\t<div class=\"e-con-inner\">\n\t\t\t\t<div class=\"elementor-element elementor-element-d00b9ba elementor-align-center elementor-widget elementor-widget-button\" data-id=\"d00b9ba\" data-element_type=\"widget\" data-e-type=\"widget\" data-widget_type=\"button.default\">\n\t\t\t\t\t\t\t\t\t\t<a class=\"elementor-button elementor-button-link elementor-size-sm elementor-animation-grow\" href=\"https:\/\/ebsaar.ae\/de\/contact-us\/\">\n\t\t\t\t\t\t<span class=\"elementor-button-content-wrapper\">\n\t\t\t\t\t\t\t\t\t<span class=\"elementor-button-text\">Termin buchen<\/span>\n\t\t\t\t\t<\/span>\n\t\t\t\t\t<\/a>\n\t\t\t\t\t\t\t\t<\/div>\n\t\t\t\t\t<\/div>\n\t\t\t\t<\/div>\n\t\t\t\t<\/div>","protected":false},"excerpt":{"rendered":"<p>Detached Retina Effective Detached Retina Treatment in Dubai Critical treatment to secure the retina and prevent irreversible blindness. What Is [&hellip;]<\/p>\n","protected":false},"author":1,"featured_media":1211,"parent":0,"menu_order":0,"comment_status":"closed","ping_status":"closed","template":"","meta":{"site-sidebar-layout":"no-sidebar","site-content-layout":"","ast-site-content-layout":"full-width-container","site-content-style":"default","site-sidebar-style":"default","ast-global-header-display":"","ast-banner-title-visibility":"","ast-main-header-display":"","ast-hfb-above-header-display":"","ast-hfb-below-header-display":"","ast-hfb-mobile-header-display":"","site-post-title":"disabled","ast-breadcrumbs-content":"","ast-featured-img":"disabled","footer-sml-layout":"","ast-disable-related-posts":"","theme-transparent-header-meta":"","adv-header-id-meta":"","stick-header-meta":"","header-above-stick-meta":"","header-main-stick-meta":"","header-below-stick-meta":"","astra-migrate-meta-layouts":"default","ast-page-background-enabled":"default","ast-page-background-meta":{"desktop":{"background-color":"var(--ast-global-color-5)","background-image":"","background-repeat":"repeat","background-position":"center center","background-size":"auto","background-attachment":"scroll","background-type":"","background-media":"","overlay-type":"","overlay-color":"","overlay-opacity":"","overlay-gradient":""},"tablet":{"background-color":"","background-image":"","background-repeat":"repeat","background-position":"center center","background-size":"auto","background-attachment":"scroll","background-type":"","background-media":"","overlay-type":"","overlay-color":"","overlay-opacity":"","overlay-gradient":""},"mobile":{"background-color":"","background-image":"","background-repeat":"repeat","background-position":"center center","background-size":"auto","background-attachment":"scroll","background-type":"","background-media":"","overlay-type":"","overlay-color":"","overlay-opacity":"","overlay-gradient":""}},"ast-content-background-meta":{"desktop":{"background-color":"var(--ast-global-color-4)","background-image":"","background-repeat":"repeat","background-position":"center center","background-size":"auto","background-attachment":"scroll","background-type":"","background-media":"","overlay-type":"","overlay-color":"","overlay-opacity":"","overlay-gradient":""},"tablet":{"background-color":"var(--ast-global-color-4)","background-image":"","background-repeat":"repeat","background-position":"center center","background-size":"auto","background-attachment":"scroll","background-type":"","background-media":"","overlay-type":"","overlay-color":"","overlay-opacity":"","overlay-gradient":""},"mobile":{"background-color":"var(--ast-global-color-4)","background-image":"","background-repeat":"repeat","background-position":"center center","background-size":"auto","background-attachment":"scroll","background-type":"","background-media":"","overlay-type":"","overlay-color":"","overlay-opacity":"","overlay-gradient":""}},"footnotes":""},"class_list":["post-1127","page","type-page","status-publish","has-post-thumbnail","hentry"],"_links":{"self":[{"href":"https:\/\/ebsaar.ae\/de\/wp-json\/wp\/v2\/pages\/1127","targetHints":{"allow":["GET"]}}],"collection":[{"href":"https:\/\/ebsaar.ae\/de\/wp-json\/wp\/v2\/pages"}],"about":[{"href":"https:\/\/ebsaar.ae\/de\/wp-json\/wp\/v2\/types\/page"}],"author":[{"embeddable":true,"href":"https:\/\/ebsaar.ae\/de\/wp-json\/wp\/v2\/users\/1"}],"replies":[{"embeddable":true,"href":"https:\/\/ebsaar.ae\/de\/wp-json\/wp\/v2\/comments?post=1127"}],"version-history":[{"count":55,"href":"https:\/\/ebsaar.ae\/de\/wp-json\/wp\/v2\/pages\/1127\/revisions"}],"predecessor-version":[{"id":2667,"href":"https:\/\/ebsaar.ae\/de\/wp-json\/wp\/v2\/pages\/1127\/revisions\/2667"}],"wp:featuredmedia":[{"embeddable":true,"href":"https:\/\/ebsaar.ae\/de\/wp-json\/wp\/v2\/media\/1211"}],"wp:attachment":[{"href":"https:\/\/ebsaar.ae\/de\/wp-json\/wp\/v2\/media?parent=1127"}],"curies":[{"name":"wp","href":"https:\/\/api.w.org\/{rel}","templated":true}]}}