{"id":928,"date":"2026-04-28T10:33:45","date_gmt":"2026-04-28T10:33:45","guid":{"rendered":"https:\/\/website.ebsaar.com\/?page_id=928"},"modified":"2026-05-01T03:54:03","modified_gmt":"2026-05-01T03:54:03","slug":"dr-wassim-el-troudi","status":"publish","type":"page","link":"https:\/\/ebsaar.ae\/es\/dr-wassim-el-troudi\/","title":{"rendered":"Dr. Wassim El Troudi"},"content":{"rendered":"<div data-elementor-type=\"wp-page\" data-elementor-id=\"928\" class=\"elementor elementor-928\" data-elementor-post-type=\"page\">\n\t\t\t\t<div class=\"elementor-element elementor-element-3d770caa e-flex e-con-boxed e-con e-parent\" data-id=\"3d770caa\" data-element_type=\"container\" data-e-type=\"container\">\n\t\t\t\t\t<div class=\"e-con-inner\">\n\t\t<div class=\"elementor-element elementor-element-58640e4e e-con-full e-flex e-con e-child\" data-id=\"58640e4e\" data-element_type=\"container\" data-e-type=\"container\">\n\t\t\t\t<div class=\"elementor-element elementor-element-5155aea2 elementor-widget elementor-widget-image\" data-id=\"5155aea2\" data-element_type=\"widget\" data-e-type=\"widget\" data-widget_type=\"image.default\">\n\t\t\t\t\t\t\t\t\t\t\t\t<figure class=\"wp-caption\">\n\t\t\t\t\t\t\t\t\t\t<img fetchpriority=\"high\" decoding=\"async\" width=\"469\" height=\"531\" src=\"https:\/\/ebsaar.ae\/wp-content\/uploads\/2026\/04\/WASSIM_ALTROUDI-removebg-preview.avif\" class=\"attachment-large size-large wp-image-246\" alt=\"Dr. Wassim El Troudi\" \/>\t\t\t\t\t\t\t\t\t\t\t<figcaption class=\"widget-image-caption wp-caption-text\">Dr. Wassim El Troudi<\/figcaption>\n\t\t\t\t\t\t\t\t\t\t<\/figure>\n\t\t\t\t\t\t\t\t\t<\/div>\n\t\t\t\t<\/div>\n\t\t<div class=\"elementor-element elementor-element-7d32ce58 e-con-full e-flex e-con e-child\" data-id=\"7d32ce58\" data-element_type=\"container\" data-e-type=\"container\">\n\t\t\t\t<div class=\"elementor-element elementor-element-5f2d7c02 elementor-widget elementor-widget-elementskit-accordion\" data-id=\"5f2d7c02\" data-element_type=\"widget\" data-e-type=\"widget\" data-widget_type=\"elementskit-accordion.default\">\n\t\t\t\t\t<div class=\"ekit-wid-con\" >\n        <div class=\"elementskit-accordion accoedion-primary\" id=\"accordion-6a044735bbca2\">\n\n            \n                <div class=\"elementskit-card\">\n                    <div class=\"elementskit-card-header\" id=\"primaryHeading-0-5f2d7c02\">\n                        <a href=\"#collapse-14e64836a044735bbca2\" class=\"ekit-accordion--toggler elementskit-btn-link collapsed\" data-ekit-toggle=\"collapse\" data-target=\"#Collapse-14e64836a044735bbca2\" aria-expanded=\"false\" aria-controls=\"Collapse-14e64836a044735bbca2\">\n                            \n                            <span class=\"ekit-accordion-title\">Oftalm\u00f3logo Consultor<\/span>\n\n                            \n                                <div class=\"ekit_accordion_icon_group\">\n                                    <div class=\"ekit_accordion_normal_icon\">\n                                        <!-- Normal Icon -->\n\t\t\t\t\t\t\t\t\t\t                                    <\/div>\n\n                                    <div class=\"ekit_accordion_active_icon\">\n                                        <!-- Active Icon -->\n\t\t\t\t\t\t\t\t\t\t                                    <\/div>\n                                <\/div>\n\n                            \n                                                    <\/a>\n                    <\/div>\n\n                    <div id=\"Collapse-14e64836a044735bbca2\" class=\"collapse\" aria-labelledby=\"primaryHeading-0-5f2d7c02\" data-parent=\"#accordion-6a044735bbca2\">\n\n                        <div class=\"elementskit-card-body ekit-accordion--content\">\n                            <p>La experiencia del Dr. Altroudi abarca una diversa mezcla de casos cl\u00ednicos oftalmol\u00f3gicos, enfermedades y distrofias de la c\u00f3rnea, especialmente queratocono y complicaciones postraum\u00e1ticas, cirug\u00eda de cataratas y glaucoma, as\u00ed como implantes de LIO. Adem\u00e1s, el Dr. Altroudi ha desarrollado una importante experiencia quir\u00fargica en la realizaci\u00f3n de cirug\u00eda refractiva (LASIK, EPILASIK) e implantes de lentes intraoculares f\u00e1quicas (ICL, Cashet, Artisan...).<\/p>                        <\/div>\n\n                    <\/div>\n\n                <\/div><!-- .elementskit-card END -->\n\n                \n                <div class=\"elementskit-card\">\n                    <div class=\"elementskit-card-header\" id=\"primaryHeading-1-5f2d7c02\">\n                        <a href=\"#collapse-65f05616a044735bbca2\" class=\"ekit-accordion--toggler elementskit-btn-link collapsed\" data-ekit-toggle=\"collapse\" data-target=\"#Collapse-65f05616a044735bbca2\" aria-expanded=\"false\" aria-controls=\"Collapse-65f05616a044735bbca2\">\n                            \n                            <span class=\"ekit-accordion-title\">Certificaciones<\/span>\n\n                            \n                                <div class=\"ekit_accordion_icon_group\">\n                                    <div class=\"ekit_accordion_normal_icon\">\n                                        <!-- Normal Icon -->\n\t\t\t\t\t\t\t\t\t\t                                    <\/div>\n\n                                    <div class=\"ekit_accordion_active_icon\">\n                                        <!-- Active Icon -->\n\t\t\t\t\t\t\t\t\t\t                                    <\/div>\n                                <\/div>\n\n                            \n                                                    <\/a>\n                    <\/div>\n\n                    <div id=\"Collapse-65f05616a044735bbca2\" class=\"collapse\" aria-labelledby=\"primaryHeading-1-5f2d7c02\" data-parent=\"#accordion-6a044735bbca2\">\n\n                        <div class=\"elementskit-card-body ekit-accordion--content\">\n                            <ul><li>AFSA (Francia)<\/li><\/ul>                        <\/div>\n\n                    <\/div>\n\n                <\/div><!-- .elementskit-card END -->\n\n                \n                <div class=\"elementskit-card\">\n                    <div class=\"elementskit-card-header\" id=\"primaryHeading-2-5f2d7c02\">\n                        <a href=\"#collapse-670d4826a044735bbca2\" class=\"ekit-accordion--toggler elementskit-btn-link collapsed\" data-ekit-toggle=\"collapse\" data-target=\"#Collapse-670d4826a044735bbca2\" aria-expanded=\"false\" aria-controls=\"Collapse-670d4826a044735bbca2\">\n                            \n                            <span class=\"ekit-accordion-title\">carrera profesional<\/span>\n\n                            \n                                <div class=\"ekit_accordion_icon_group\">\n                                    <div class=\"ekit_accordion_normal_icon\">\n                                        <!-- Normal Icon -->\n\t\t\t\t\t\t\t\t\t\t                                    <\/div>\n\n                                    <div class=\"ekit_accordion_active_icon\">\n                                        <!-- Active Icon -->\n\t\t\t\t\t\t\t\t\t\t                                    <\/div>\n                                <\/div>\n\n                            \n                                                    <\/a>\n                    <\/div>\n\n                    <div id=\"Collapse-670d4826a044735bbca2\" class=\"collapse\" aria-labelledby=\"primaryHeading-2-5f2d7c02\" data-parent=\"#accordion-6a044735bbca2\">\n\n                        <div class=\"elementskit-card-body ekit-accordion--content\">\n                            <ul><li>El Dr. Altroudi particip\u00f3 en varias campa\u00f1as quir\u00fargicas voluntarias en Siria, India y Dub\u00e1i para ayudar a personas pobres en las aldeas remotas a restaurar la vista, y tambi\u00e9n recibi\u00f3 certificados de agradecimiento de Noor Dubai Initiative, Dub\u00e1i y Sahai Institute of Ophthalmology, India.<\/li><\/ul>                        <\/div>\n\n                    <\/div>\n\n                <\/div><!-- .elementskit-card END -->\n\n                \n                <div class=\"elementskit-card\">\n                    <div class=\"elementskit-card-header\" id=\"primaryHeading-3-5f2d7c02\">\n                        <a href=\"#collapse-c8900766a044735bbca2\" class=\"ekit-accordion--toggler elementskit-btn-link collapsed\" data-ekit-toggle=\"collapse\" data-target=\"#Collapse-c8900766a044735bbca2\" aria-expanded=\"false\" aria-controls=\"Collapse-c8900766a044735bbca2\">\n                            \n                            <span class=\"ekit-accordion-title\">Logros<\/span>\n\n                            \n                                <div class=\"ekit_accordion_icon_group\">\n                                    <div class=\"ekit_accordion_normal_icon\">\n                                        <!-- Normal Icon -->\n\t\t\t\t\t\t\t\t\t\t                                    <\/div>\n\n                                    <div class=\"ekit_accordion_active_icon\">\n                                        <!-- Active Icon -->\n\t\t\t\t\t\t\t\t\t\t                                    <\/div>\n                                <\/div>\n\n                            \n                                                    <\/a>\n                    <\/div>\n\n                    <div id=\"Collapse-c8900766a044735bbca2\" class=\"collapse\" aria-labelledby=\"primaryHeading-3-5f2d7c02\" data-parent=\"#accordion-6a044735bbca2\">\n\n                        <div class=\"elementskit-card-body ekit-accordion--content\">\n                            <p>En el segmento posterior, el Dr. Altroudi tiene una amplia experiencia en retina m\u00e9dica, como el l\u00e1ser retiniano para desgarros de retina y retinopat\u00eda diab\u00e9tica, e inyecciones intrav\u00edtreas de agentes terap\u00e9uticos como triamcinolona, bevacizumab (AVASTIN) y ranibizumab (LUCENTIS) para el tratamiento de la retinopat\u00eda diab\u00e9tica, la degeneraci\u00f3n macular asociada a la edad y las enfermedades vasculares retinianas.<\/p>                        <\/div>\n\n                    <\/div>\n\n                <\/div><!-- .elementskit-card END -->\n\n                \n                <div class=\"elementskit-card\">\n                    <div class=\"elementskit-card-header\" id=\"primaryHeading-4-5f2d7c02\">\n                        <a href=\"#collapse-23a8c206a044735bbca2\" class=\"ekit-accordion--toggler elementskit-btn-link collapsed\" data-ekit-toggle=\"collapse\" data-target=\"#Collapse-23a8c206a044735bbca2\" aria-expanded=\"false\" aria-controls=\"Collapse-23a8c206a044735bbca2\">\n                            \n                            <span class=\"ekit-accordion-title\">Intereses Especiales<\/span>\n\n                            \n                                <div class=\"ekit_accordion_icon_group\">\n                                    <div class=\"ekit_accordion_normal_icon\">\n                                        <!-- Normal Icon -->\n\t\t\t\t\t\t\t\t\t\t                                    <\/div>\n\n                                    <div class=\"ekit_accordion_active_icon\">\n                                        <!-- Active Icon -->\n\t\t\t\t\t\t\t\t\t\t                                    <\/div>\n                                <\/div>\n\n                            \n                                                    <\/a>\n                    <\/div>\n\n                    <div id=\"Collapse-23a8c206a044735bbca2\" class=\"collapse\" aria-labelledby=\"primaryHeading-4-5f2d7c02\" data-parent=\"#accordion-6a044735bbca2\">\n\n                        <div class=\"elementskit-card-body ekit-accordion--content\">\n                            <p>\u2013 Facoemulsificaci\u00f3n e implantes de LIO (mono y multifocales) para cataratas<br \/>\u2013 Cirug\u00eda refractiva (LASIK, EPILASIK) y cirug\u00eda de LIOs f\u00e1quicas<br \/>\u2013 Cirug\u00eda corneal (queratoplastia)<br \/>\u2013 Procedimientos refractivos para queratocono (PRK guiada por topograf\u00eda con CXL) e implantes de ICL t\u00f3ricas<br \/>\u2013 Cirug\u00eda de reconstrucci\u00f3n de la superficie ocular (c\u00e9lulas madre y trasplante de membrana amni\u00f3tica)<br \/>\u2013 L\u00e1ser Retiniano para Desgarros Retinianos, Retinopat\u00eda Diab\u00e9tica y Trastornos Vasculares de la Retina<br \/>\u2013 Anti-VEGF intrav\u00edtreos y esteroides para la degeneraci\u00f3n macular asociada a la edad, la retinopat\u00eda diab\u00e9tica y los trastornos vasculares de la retina.<\/p>                        <\/div>\n\n                    <\/div>\n\n                <\/div><!-- .elementskit-card END -->\n\n                                        <\/div>\n    <\/div>\t\t\t\t<\/div>\n\t\t\t\t<\/div>\n\t\t\t\t\t<\/div>\n\t\t\t\t<\/div>\n\t\t<div class=\"elementor-element elementor-element-7a836399 e-flex e-con-boxed e-con e-parent\" data-id=\"7a836399\" data-element_type=\"container\" data-e-type=\"container\" data-settings=\"{&quot;background_background&quot;:&quot;classic&quot;}\">\n\t\t\t\t\t<div class=\"e-con-inner\">\n\t\t\t\t<div class=\"elementor-element elementor-element-7fa8e8e0 elementor-align-center elementor-widget elementor-widget-button\" data-id=\"7fa8e8e0\" data-element_type=\"widget\" data-e-type=\"widget\" data-widget_type=\"button.default\">\n\t\t\t\t\t\t\t\t\t\t<a class=\"elementor-button elementor-button-link elementor-size-sm elementor-animation-grow\" href=\"#\">\n\t\t\t\t\t\t<span class=\"elementor-button-content-wrapper\">\n\t\t\t\t\t\t\t\t\t<span class=\"elementor-button-text\">Reservar una cita<\/span>\n\t\t\t\t\t<\/span>\n\t\t\t\t\t<\/a>\n\t\t\t\t\t\t\t\t<\/div>\n\t\t\t\t\t<\/div>\n\t\t\t\t<\/div>\n\t\t\t\t<\/div>","protected":false},"excerpt":{"rendered":"<p>Dr. Wassim El Troudi Consultant Ophthalmologist Dr. Altroudi\u2019s expertise comprises diverse clinical ophthalmic case-mix, Corneal Diseases and Dystrophy, especially Keratoconus [&hellip;]<\/p>\n","protected":false},"author":1,"featured_media":340,"parent":0,"menu_order":0,"comment_status":"closed","ping_status":"closed","template":"","meta":{"site-sidebar-layout":"no-sidebar","site-content-layout":"","ast-site-content-layout":"full-width-container","site-content-style":"default","site-sidebar-style":"default","ast-global-header-display":"","ast-banner-title-visibility":"","ast-main-header-display":"","ast-hfb-above-header-display":"","ast-hfb-below-header-display":"","ast-hfb-mobile-header-display":"","site-post-title":"disabled","ast-breadcrumbs-content":"","ast-featured-img":"disabled","footer-sml-layout":"","ast-disable-related-posts":"","theme-transparent-header-meta":"","adv-header-id-meta":"","stick-header-meta":"","header-above-stick-meta":"","header-main-stick-meta":"","header-below-stick-meta":"","astra-migrate-meta-layouts":"default","ast-page-background-enabled":"default","ast-page-background-meta":{"desktop":{"background-color":"var(--ast-global-color-5)","background-image":"","background-repeat":"repeat","background-position":"center center","background-size":"auto","background-attachment":"scroll","background-type":"","background-media":"","overlay-type":"","overlay-color":"","overlay-opacity":"","overlay-gradient":""},"tablet":{"background-color":"","background-image":"","background-repeat":"repeat","background-position":"center center","background-size":"auto","background-attachment":"scroll","background-type":"","background-media":"","overlay-type":"","overlay-color":"","overlay-opacity":"","overlay-gradient":""},"mobile":{"background-color":"","background-image":"","background-repeat":"repeat","background-position":"center center","background-size":"auto","background-attachment":"scroll","background-type":"","background-media":"","overlay-type":"","overlay-color":"","overlay-opacity":"","overlay-gradient":""}},"ast-content-background-meta":{"desktop":{"background-color":"var(--ast-global-color-4)","background-image":"","background-repeat":"repeat","background-position":"center center","background-size":"auto","background-attachment":"scroll","background-type":"","background-media":"","overlay-type":"","overlay-color":"","overlay-opacity":"","overlay-gradient":""},"tablet":{"background-color":"var(--ast-global-color-4)","background-image":"","background-repeat":"repeat","background-position":"center center","background-size":"auto","background-attachment":"scroll","background-type":"","background-media":"","overlay-type":"","overlay-color":"","overlay-opacity":"","overlay-gradient":""},"mobile":{"background-color":"var(--ast-global-color-4)","background-image":"","background-repeat":"repeat","background-position":"center center","background-size":"auto","background-attachment":"scroll","background-type":"","background-media":"","overlay-type":"","overlay-color":"","overlay-opacity":"","overlay-gradient":""}},"footnotes":""},"class_list":["post-928","page","type-page","status-publish","has-post-thumbnail","hentry"],"_links":{"self":[{"href":"https:\/\/ebsaar.ae\/es\/wp-json\/wp\/v2\/pages\/928","targetHints":{"allow":["GET"]}}],"collection":[{"href":"https:\/\/ebsaar.ae\/es\/wp-json\/wp\/v2\/pages"}],"about":[{"href":"https:\/\/ebsaar.ae\/es\/wp-json\/wp\/v2\/types\/page"}],"author":[{"embeddable":true,"href":"https:\/\/ebsaar.ae\/es\/wp-json\/wp\/v2\/users\/1"}],"replies":[{"embeddable":true,"href":"https:\/\/ebsaar.ae\/es\/wp-json\/wp\/v2\/comments?post=928"}],"version-history":[{"count":10,"href":"https:\/\/ebsaar.ae\/es\/wp-json\/wp\/v2\/pages\/928\/revisions"}],"predecessor-version":[{"id":1587,"href":"https:\/\/ebsaar.ae\/es\/wp-json\/wp\/v2\/pages\/928\/revisions\/1587"}],"wp:featuredmedia":[{"embeddable":true,"href":"https:\/\/ebsaar.ae\/es\/wp-json\/wp\/v2\/media\/340"}],"wp:attachment":[{"href":"https:\/\/ebsaar.ae\/es\/wp-json\/wp\/v2\/media?parent=928"}],"curies":[{"name":"wp","href":"https:\/\/api.w.org\/{rel}","templated":true}]}}