{"id":937,"date":"2026-04-28T12:34:44","date_gmt":"2026-04-28T12:34:44","guid":{"rendered":"https:\/\/website.ebsaar.com\/?page_id=937"},"modified":"2026-05-01T03:54:54","modified_gmt":"2026-05-01T03:54:54","slug":"dr-mohammad-abdulhafez","status":"publish","type":"page","link":"https:\/\/ebsaar.ae\/es\/dr-mohammad-abdulhafez\/","title":{"rendered":"Dr. Mohammad Abdulhafez"},"content":{"rendered":"<div data-elementor-type=\"wp-page\" data-elementor-id=\"937\" class=\"elementor elementor-937\" data-elementor-post-type=\"page\">\n\t\t\t\t<div class=\"elementor-element elementor-element-516ceec e-flex e-con-boxed e-con e-parent\" data-id=\"516ceec\" data-element_type=\"container\" data-e-type=\"container\">\n\t\t\t\t\t<div class=\"e-con-inner\">\n\t\t<div class=\"elementor-element elementor-element-4643a633 e-con-full e-flex e-con e-child\" data-id=\"4643a633\" data-element_type=\"container\" data-e-type=\"container\">\n\t\t\t\t<div class=\"elementor-element elementor-element-780e5a68 elementor-widget elementor-widget-image\" data-id=\"780e5a68\" data-element_type=\"widget\" data-e-type=\"widget\" data-widget_type=\"image.default\">\n\t\t\t\t\t\t\t\t\t\t\t\t<figure class=\"wp-caption\">\n\t\t\t\t\t\t\t\t\t\t<img fetchpriority=\"high\" decoding=\"async\" width=\"462\" height=\"540\" src=\"https:\/\/ebsaar.ae\/wp-content\/uploads\/2026\/04\/Mohammad_Abdulhafez-removebg-preview.avif\" class=\"attachment-large size-large wp-image-247\" alt=\"Dr. Mohammad Abdulhafez\" \/>\t\t\t\t\t\t\t\t\t\t\t<figcaption class=\"widget-image-caption wp-caption-text\">Dr. Mohammad Abdulhafez<\/figcaption>\n\t\t\t\t\t\t\t\t\t\t<\/figure>\n\t\t\t\t\t\t\t\t\t<\/div>\n\t\t\t\t<\/div>\n\t\t<div class=\"elementor-element elementor-element-7a21275e e-con-full e-flex e-con e-child\" data-id=\"7a21275e\" data-element_type=\"container\" data-e-type=\"container\">\n\t\t\t\t<div class=\"elementor-element elementor-element-dc839cb elementor-widget elementor-widget-elementskit-accordion\" data-id=\"dc839cb\" data-element_type=\"widget\" data-e-type=\"widget\" data-widget_type=\"elementskit-accordion.default\">\n\t\t\t\t\t<div class=\"ekit-wid-con\" >\n        <div class=\"elementskit-accordion accoedion-primary\" id=\"accordion-6a0447b7668d0\">\n\n            \n                <div class=\"elementskit-card\">\n                    <div class=\"elementskit-card-header\" id=\"primaryHeading-0-dc839cb\">\n                        <a href=\"#collapse-14e64836a0447b7668d0\" class=\"ekit-accordion--toggler elementskit-btn-link collapsed\" data-ekit-toggle=\"collapse\" data-target=\"#Collapse-14e64836a0447b7668d0\" aria-expanded=\"false\" aria-controls=\"Collapse-14e64836a0447b7668d0\">\n                            \n                            <span class=\"ekit-accordion-title\">Oftalm\u00f3logo Consultor<\/span>\n\n                            \n                                <div class=\"ekit_accordion_icon_group\">\n                                    <div class=\"ekit_accordion_normal_icon\">\n                                        <!-- Normal Icon -->\n\t\t\t\t\t\t\t\t\t\t                                    <\/div>\n\n                                    <div class=\"ekit_accordion_active_icon\">\n                                        <!-- Active Icon -->\n\t\t\t\t\t\t\t\t\t\t                                    <\/div>\n                                <\/div>\n\n                            \n                                                    <\/a>\n                    <\/div>\n\n                    <div id=\"Collapse-14e64836a0447b7668d0\" class=\"collapse\" aria-labelledby=\"primaryHeading-0-dc839cb\" data-parent=\"#accordion-6a0447b7668d0\">\n\n                        <div class=\"elementskit-card-body ekit-accordion--content\">\n                            <p>El Dr. Abduhafez tiene muchos art\u00edculos en el campo de la oculoplastia y ha dado conferencias en muchas reuniones internacionales.<\/p>                        <\/div>\n\n                    <\/div>\n\n                <\/div><!-- .elementskit-card END -->\n\n                \n                <div class=\"elementskit-card\">\n                    <div class=\"elementskit-card-header\" id=\"primaryHeading-1-dc839cb\">\n                        <a href=\"#collapse-65f05616a0447b7668d0\" class=\"ekit-accordion--toggler elementskit-btn-link collapsed\" data-ekit-toggle=\"collapse\" data-target=\"#Collapse-65f05616a0447b7668d0\" aria-expanded=\"false\" aria-controls=\"Collapse-65f05616a0447b7668d0\">\n                            \n                            <span class=\"ekit-accordion-title\">Certificaciones<\/span>\n\n                            \n                                <div class=\"ekit_accordion_icon_group\">\n                                    <div class=\"ekit_accordion_normal_icon\">\n                                        <!-- Normal Icon -->\n\t\t\t\t\t\t\t\t\t\t                                    <\/div>\n\n                                    <div class=\"ekit_accordion_active_icon\">\n                                        <!-- Active Icon -->\n\t\t\t\t\t\t\t\t\t\t                                    <\/div>\n                                <\/div>\n\n                            \n                                                    <\/a>\n                    <\/div>\n\n                    <div id=\"Collapse-65f05616a0447b7668d0\" class=\"collapse\" aria-labelledby=\"primaryHeading-1-dc839cb\" data-parent=\"#accordion-6a0447b7668d0\">\n\n                        <div class=\"elementskit-card-body ekit-accordion--content\">\n                            <ul><li>Universidad de El Cairo Facultad de Medicina, Bascom Palmer Eye Institute, Royal College of Surgeons de Edimburgo<\/li><\/ul>                        <\/div>\n\n                    <\/div>\n\n                <\/div><!-- .elementskit-card END -->\n\n                \n                <div class=\"elementskit-card\">\n                    <div class=\"elementskit-card-header\" id=\"primaryHeading-2-dc839cb\">\n                        <a href=\"#collapse-670d4826a0447b7668d0\" class=\"ekit-accordion--toggler elementskit-btn-link collapsed\" data-ekit-toggle=\"collapse\" data-target=\"#Collapse-670d4826a0447b7668d0\" aria-expanded=\"false\" aria-controls=\"Collapse-670d4826a0447b7668d0\">\n                            \n                            <span class=\"ekit-accordion-title\">carrera profesional<\/span>\n\n                            \n                                <div class=\"ekit_accordion_icon_group\">\n                                    <div class=\"ekit_accordion_normal_icon\">\n                                        <!-- Normal Icon -->\n\t\t\t\t\t\t\t\t\t\t                                    <\/div>\n\n                                    <div class=\"ekit_accordion_active_icon\">\n                                        <!-- Active Icon -->\n\t\t\t\t\t\t\t\t\t\t                                    <\/div>\n                                <\/div>\n\n                            \n                                                    <\/a>\n                    <\/div>\n\n                    <div id=\"Collapse-670d4826a0447b7668d0\" class=\"collapse\" aria-labelledby=\"primaryHeading-2-dc839cb\" data-parent=\"#accordion-6a0447b7668d0\">\n\n                        <div class=\"elementskit-card-body ekit-accordion--content\">\n                            <ul><li><p>El Dr. Abdulhafez es miembro del Royal College of Surgeons de Edimburgo y tambi\u00e9n del Bascom Palmer Eye Institute, Miami, Florida, EE. UU.<\/p><p>\u2013 Cirujano Consultor, Cirug\u00eda Pl\u00e1stica y Reconstructiva Oft\u00e1lmica, Hospital Nacional de Ojos, El Cairo, Egipto<\/p><p>\u2013 Cirujano Oculopl\u00e1stico y Reconstructivo, Hospitales Oftalmol\u00f3gicos Magrabi en Egipto de 2000 a 2010<\/p><p>\u2013 Consultor Visitante, Cirug\u00eda Pl\u00e1stica y Reconstructiva Oft\u00e1lmica en Qatar, Emiratos \u00c1rabes Unidos, Siria, Libia, Yemen y Marruecos<\/p><p>\u2013 Primer miembro de ASOPRS en Medio Oriente<\/p><p>\u2013 Revisor de la revista cient\u00edfica ASOPRS<\/p><\/li><\/ul>                        <\/div>\n\n                    <\/div>\n\n                <\/div><!-- .elementskit-card END -->\n\n                \n                <div class=\"elementskit-card\">\n                    <div class=\"elementskit-card-header\" id=\"primaryHeading-3-dc839cb\">\n                        <a href=\"#collapse-c8900766a0447b7668d0\" class=\"ekit-accordion--toggler elementskit-btn-link collapsed\" data-ekit-toggle=\"collapse\" data-target=\"#Collapse-c8900766a0447b7668d0\" aria-expanded=\"false\" aria-controls=\"Collapse-c8900766a0447b7668d0\">\n                            \n                            <span class=\"ekit-accordion-title\">\u00c1reas de pr\u00e1ctica<\/span>\n\n                            \n                                <div class=\"ekit_accordion_icon_group\">\n                                    <div class=\"ekit_accordion_normal_icon\">\n                                        <!-- Normal Icon -->\n\t\t\t\t\t\t\t\t\t\t                                    <\/div>\n\n                                    <div class=\"ekit_accordion_active_icon\">\n                                        <!-- Active Icon -->\n\t\t\t\t\t\t\t\t\t\t                                    <\/div>\n                                <\/div>\n\n                            \n                                                    <\/a>\n                    <\/div>\n\n                    <div id=\"Collapse-c8900766a0447b7668d0\" class=\"collapse\" aria-labelledby=\"primaryHeading-3-dc839cb\" data-parent=\"#accordion-6a0447b7668d0\">\n\n                        <div class=\"elementskit-card-body ekit-accordion--content\">\n                            <p>Cirug\u00edas de p\u00e1rpados pl\u00e1sticos, cirug\u00edas lacrimales y orbitarias, cirug\u00edas oculares reconstructivas<\/p>                        <\/div>\n\n                    <\/div>\n\n                <\/div><!-- .elementskit-card END -->\n\n                \n                <div class=\"elementskit-card\">\n                    <div class=\"elementskit-card-header\" id=\"primaryHeading-4-dc839cb\">\n                        <a href=\"#collapse-23a8c206a0447b7668d0\" class=\"ekit-accordion--toggler elementskit-btn-link collapsed\" data-ekit-toggle=\"collapse\" data-target=\"#Collapse-23a8c206a0447b7668d0\" aria-expanded=\"false\" aria-controls=\"Collapse-23a8c206a0447b7668d0\">\n                            \n                            <span class=\"ekit-accordion-title\">Experiencia<\/span>\n\n                            \n                                <div class=\"ekit_accordion_icon_group\">\n                                    <div class=\"ekit_accordion_normal_icon\">\n                                        <!-- Normal Icon -->\n\t\t\t\t\t\t\t\t\t\t                                    <\/div>\n\n                                    <div class=\"ekit_accordion_active_icon\">\n                                        <!-- Active Icon -->\n\t\t\t\t\t\t\t\t\t\t                                    <\/div>\n                                <\/div>\n\n                            \n                                                    <\/a>\n                    <\/div>\n\n                    <div id=\"Collapse-23a8c206a0447b7668d0\" class=\"collapse\" aria-labelledby=\"primaryHeading-4-dc839cb\" data-parent=\"#accordion-6a0447b7668d0\">\n\n                        <div class=\"elementskit-card-body ekit-accordion--content\">\n                            <p>m\u00e1s de 20 a\u00f1os<\/p>                        <\/div>\n\n                    <\/div>\n\n                <\/div><!-- .elementskit-card END -->\n\n                                        <\/div>\n    <\/div>\t\t\t\t<\/div>\n\t\t\t\t<\/div>\n\t\t\t\t\t<\/div>\n\t\t\t\t<\/div>\n\t\t<div class=\"elementor-element elementor-element-658d9ccd e-flex e-con-boxed e-con e-parent\" data-id=\"658d9ccd\" data-element_type=\"container\" data-e-type=\"container\" data-settings=\"{&quot;background_background&quot;:&quot;classic&quot;}\">\n\t\t\t\t\t<div class=\"e-con-inner\">\n\t\t\t\t<div class=\"elementor-element elementor-element-60176fea elementor-align-center elementor-widget elementor-widget-button\" data-id=\"60176fea\" data-element_type=\"widget\" data-e-type=\"widget\" data-widget_type=\"button.default\">\n\t\t\t\t\t\t\t\t\t\t<a class=\"elementor-button elementor-button-link elementor-size-sm elementor-animation-grow\" href=\"#\">\n\t\t\t\t\t\t<span class=\"elementor-button-content-wrapper\">\n\t\t\t\t\t\t\t\t\t<span class=\"elementor-button-text\">Reservar una cita<\/span>\n\t\t\t\t\t<\/span>\n\t\t\t\t\t<\/a>\n\t\t\t\t\t\t\t\t<\/div>\n\t\t\t\t\t<\/div>\n\t\t\t\t<\/div>\n\t\t\t\t<\/div>","protected":false},"excerpt":{"rendered":"<p>Dr. Mohammad Abdulhafez Consultant Ophthalmologist Dr. Abduhafez has many papers in the field of oculoplasty and he has lectured in [&hellip;]<\/p>\n","protected":false},"author":1,"featured_media":339,"parent":0,"menu_order":0,"comment_status":"closed","ping_status":"closed","template":"","meta":{"site-sidebar-layout":"no-sidebar","site-content-layout":"","ast-site-content-layout":"full-width-container","site-content-style":"default","site-sidebar-style":"default","ast-global-header-display":"","ast-banner-title-visibility":"","ast-main-header-display":"","ast-hfb-above-header-display":"","ast-hfb-below-header-display":"","ast-hfb-mobile-header-display":"","site-post-title":"disabled","ast-breadcrumbs-content":"","ast-featured-img":"disabled","footer-sml-layout":"","ast-disable-related-posts":"","theme-transparent-header-meta":"","adv-header-id-meta":"","stick-header-meta":"","header-above-stick-meta":"","header-main-stick-meta":"","header-below-stick-meta":"","astra-migrate-meta-layouts":"default","ast-page-background-enabled":"default","ast-page-background-meta":{"desktop":{"background-color":"var(--ast-global-color-5)","background-image":"","background-repeat":"repeat","background-position":"center center","background-size":"auto","background-attachment":"scroll","background-type":"","background-media":"","overlay-type":"","overlay-color":"","overlay-opacity":"","overlay-gradient":""},"tablet":{"background-color":"","background-image":"","background-repeat":"repeat","background-position":"center center","background-size":"auto","background-attachment":"scroll","background-type":"","background-media":"","overlay-type":"","overlay-color":"","overlay-opacity":"","overlay-gradient":""},"mobile":{"background-color":"","background-image":"","background-repeat":"repeat","background-position":"center center","background-size":"auto","background-attachment":"scroll","background-type":"","background-media":"","overlay-type":"","overlay-color":"","overlay-opacity":"","overlay-gradient":""}},"ast-content-background-meta":{"desktop":{"background-color":"var(--ast-global-color-4)","background-image":"","background-repeat":"repeat","background-position":"center center","background-size":"auto","background-attachment":"scroll","background-type":"","background-media":"","overlay-type":"","overlay-color":"","overlay-opacity":"","overlay-gradient":""},"tablet":{"background-color":"var(--ast-global-color-4)","background-image":"","background-repeat":"repeat","background-position":"center center","background-size":"auto","background-attachment":"scroll","background-type":"","background-media":"","overlay-type":"","overlay-color":"","overlay-opacity":"","overlay-gradient":""},"mobile":{"background-color":"var(--ast-global-color-4)","background-image":"","background-repeat":"repeat","background-position":"center center","background-size":"auto","background-attachment":"scroll","background-type":"","background-media":"","overlay-type":"","overlay-color":"","overlay-opacity":"","overlay-gradient":""}},"footnotes":""},"class_list":["post-937","page","type-page","status-publish","has-post-thumbnail","hentry"],"_links":{"self":[{"href":"https:\/\/ebsaar.ae\/es\/wp-json\/wp\/v2\/pages\/937","targetHints":{"allow":["GET"]}}],"collection":[{"href":"https:\/\/ebsaar.ae\/es\/wp-json\/wp\/v2\/pages"}],"about":[{"href":"https:\/\/ebsaar.ae\/es\/wp-json\/wp\/v2\/types\/page"}],"author":[{"embeddable":true,"href":"https:\/\/ebsaar.ae\/es\/wp-json\/wp\/v2\/users\/1"}],"replies":[{"embeddable":true,"href":"https:\/\/ebsaar.ae\/es\/wp-json\/wp\/v2\/comments?post=937"}],"version-history":[{"count":7,"href":"https:\/\/ebsaar.ae\/es\/wp-json\/wp\/v2\/pages\/937\/revisions"}],"predecessor-version":[{"id":1590,"href":"https:\/\/ebsaar.ae\/es\/wp-json\/wp\/v2\/pages\/937\/revisions\/1590"}],"wp:featuredmedia":[{"embeddable":true,"href":"https:\/\/ebsaar.ae\/es\/wp-json\/wp\/v2\/media\/339"}],"wp:attachment":[{"href":"https:\/\/ebsaar.ae\/es\/wp-json\/wp\/v2\/media?parent=937"}],"curies":[{"name":"wp","href":"https:\/\/api.w.org\/{rel}","templated":true}]}}