{"id":1127,"date":"2026-04-28T22:12:54","date_gmt":"2026-04-28T22:12:54","guid":{"rendered":"https:\/\/website.ebsaar.com\/?page_id=1127"},"modified":"2026-05-12T06:17:20","modified_gmt":"2026-05-12T06:17:20","slug":"detachement-de-la-retine","status":"publish","type":"page","link":"https:\/\/ebsaar.ae\/fr\/detached-retina\/","title":{"rendered":"D\u00e9collement de r\u00e9tine"},"content":{"rendered":"<div data-elementor-type=\"wp-page\" data-elementor-id=\"1127\" class=\"elementor elementor-1127\" data-elementor-post-type=\"page\">\n\t\t\t\t<div class=\"elementor-element elementor-element-5c3fb80 e-flex e-con-boxed e-con e-parent\" data-id=\"5c3fb80\" data-element_type=\"container\" data-e-type=\"container\" data-settings=\"{&quot;background_background&quot;:&quot;classic&quot;}\">\n\t\t\t\t\t<div class=\"e-con-inner\">\n\t\t<div class=\"elementor-element elementor-element-27813b33 e-con-full e-flex e-con e-child\" data-id=\"27813b33\" data-element_type=\"container\" data-e-type=\"container\">\n\t\t\t\t<div class=\"elementor-element elementor-element-4596f7b3 elementor-widget__width-auto elementor-invisible elementor-widget elementor-widget-heading\" data-id=\"4596f7b3\" data-element_type=\"widget\" data-e-type=\"widget\" data-settings=\"{&quot;_animation&quot;:&quot;slideInUp&quot;}\" data-widget_type=\"heading.default\">\n\t\t\t\t\t<h1 class=\"elementor-heading-title elementor-size-default\">D\u00e9collement de r\u00e9tine<\/h1>\t\t\t\t<\/div>\n\t\t\t\t<\/div>\n\t\t\t\t\t<\/div>\n\t\t\t\t<\/div>\n\t\t<div class=\"elementor-element elementor-element-3387d46c e-flex e-con-boxed e-con e-parent\" data-id=\"3387d46c\" data-element_type=\"container\" data-e-type=\"container\">\n\t\t\t\t\t<div class=\"e-con-inner\">\n\t\t\t\t<div class=\"elementor-element elementor-element-5c4985eb elementor-widget elementor-widget-heading\" data-id=\"5c4985eb\" data-element_type=\"widget\" data-e-type=\"widget\" data-widget_type=\"heading.default\">\n\t\t\t\t\t<h2 class=\"elementor-heading-title elementor-size-default\">Effective Detached Retina Treatment in Dubai<\/h2>\t\t\t\t<\/div>\n\t\t\t\t\t<\/div>\n\t\t\t\t<\/div>\n\t\t<div class=\"elementor-element elementor-element-2bc9eb07 e-flex e-con-boxed e-con e-parent\" data-id=\"2bc9eb07\" data-element_type=\"container\" data-e-type=\"container\">\n\t\t\t\t\t<div class=\"e-con-inner\">\n\t\t\t\t<div class=\"elementor-element elementor-element-7db06921 elementor-widget elementor-widget-text-editor\" data-id=\"7db06921\" data-element_type=\"widget\" data-e-type=\"widget\" data-widget_type=\"text-editor.default\">\n\t\t\t\t\t\t\t\t\t<p>Traitement critique pour s\u00e9curiser la r\u00e9tine et pr\u00e9venir la c\u00e9cit\u00e9 irr\u00e9versible.<\/p>\t\t\t\t\t\t\t\t<\/div>\n\t\t\t\t\t<\/div>\n\t\t\t\t<\/div>\n\t\t<div class=\"elementor-element elementor-element-2af8912b e-flex e-con-boxed e-con e-parent\" data-id=\"2af8912b\" data-element_type=\"container\" data-e-type=\"container\" data-settings=\"{&quot;background_background&quot;:&quot;classic&quot;}\">\n\t\t\t\t\t<div class=\"e-con-inner\">\n\t\t<div class=\"elementor-element elementor-element-3079fbc1 e-con-full e-flex e-con e-child\" data-id=\"3079fbc1\" data-element_type=\"container\" data-e-type=\"container\">\n\t\t\t\t<div class=\"elementor-element elementor-element-a9c55d4 elementor-widget elementor-widget-image\" data-id=\"a9c55d4\" data-element_type=\"widget\" data-e-type=\"widget\" data-widget_type=\"image.default\">\n\t\t\t\t\t\t\t\t\t\t\t\t\t\t\t<img fetchpriority=\"high\" decoding=\"async\" width=\"500\" height=\"333\" src=\"https:\/\/ebsaar.ae\/wp-content\/uploads\/2026\/04\/Detached-Retina-causes.avif\" class=\"attachment-large size-large wp-image-1210\" alt=\"Effective Detached Retina Treatment in Dubai\" \/>\t\t\t\t\t\t\t\t\t\t\t\t\t\t\t<\/div>\n\t\t\t\t<\/div>\n\t\t<div class=\"elementor-element elementor-element-1cf324cd e-con-full e-flex e-con e-child\" data-id=\"1cf324cd\" data-element_type=\"container\" data-e-type=\"container\">\n\t\t\t\t<div class=\"elementor-element elementor-element-72ce8df6 elementor-widget elementor-widget-n-accordion\" data-id=\"72ce8df6\" data-element_type=\"widget\" data-e-type=\"widget\" data-settings=\"{&quot;default_state&quot;:&quot;all_collapsed&quot;,&quot;max_items_expended&quot;:&quot;one&quot;,&quot;n_accordion_animation_duration&quot;:{&quot;unit&quot;:&quot;ms&quot;,&quot;size&quot;:400,&quot;sizes&quot;:[]}}\" data-widget_type=\"nested-accordion.default\">\n\t\t\t\t\t\t\t<div class=\"e-n-accordion\" aria-label=\"Accord\u00e9on. Ouvrir les liens avec Entr\u00e9e ou Espace, fermer avec \u00c9chap et naviguer avec les Touches fl\u00e9ch\u00e9es\">\n\t\t\t\t\t\t<details id=\"e-n-accordion-item-1920\" class=\"e-n-accordion-item\" >\n\t\t\t\t<summary class=\"e-n-accordion-item-title\" data-accordion-index=\"1\" tabindex=\"0\" aria-expanded=\"false\" aria-controls=\"e-n-accordion-item-1920\" >\n\t\t\t\t\t<span class='e-n-accordion-item-title-header'><div class=\"e-n-accordion-item-title-text\"> What Is a Detached Retina? <\/div><\/span>\n\t\t\t\t\t\t\t<span class='e-n-accordion-item-title-icon'>\n\t\t\t<span class='e-opened' ><svg aria-hidden=\"true\" class=\"e-font-icon-svg e-fas-minus\" viewbox=\"0 0 448 512\" xmlns=\"http:\/\/www.w3.org\/2000\/svg\"><path d=\"M416 208H32c-17.67 0-32 14.33-32 32v32c0 17.67 14.33 32 32 32h384c17.67 0 32-14.33 32-32v-32c0-17.67-14.33-32-32-32z\"><\/path><\/svg><\/span>\n\t\t\t<span class='e-closed'><svg aria-hidden=\"true\" class=\"e-font-icon-svg e-fas-plus\" viewbox=\"0 0 448 512\" xmlns=\"http:\/\/www.w3.org\/2000\/svg\"><path d=\"M416 208H272V64c0-17.67-14.33-32-32-32h-32c-17.67 0-32 14.33-32 32v144H32c-17.67 0-32 14.33-32 32v32c0 17.67 14.33 32 32 32h144v144c0 17.67 14.33 32 32 32h32c17.67 0 32-14.33 32-32V304h144c17.67 0 32-14.33 32-32v-32c0-17.67-14.33-32-32-32z\"><\/path><\/svg><\/span>\n\t\t<\/span>\n\n\t\t\t\t\t\t<\/summary>\n\t\t\t\t<div role=\"region\" aria-labelledby=\"e-n-accordion-item-1920\" class=\"elementor-element elementor-element-7d4f689f e-con-full e-flex e-con e-child\" data-id=\"7d4f689f\" data-element_type=\"container\" data-e-type=\"container\">\n\t\t\t\t<div class=\"elementor-element elementor-element-19e8e15 elementor-widget elementor-widget-text-editor\" data-id=\"19e8e15\" data-element_type=\"widget\" data-e-type=\"widget\" data-widget_type=\"text-editor.default\">\n\t\t\t\t\t\t\t\t\t<p data-start=\"886\" data-end=\"1199\">The retina is a delicate, essential tissue that lines the back of the eye. It converts light into electrical signals that the brain interprets as vision. When the retina detaches, its function is compromised because it no longer lies against its nourishing layers. This interruption can rapidly affect your sight.<\/p><p data-start=\"1201\" data-end=\"1464\">A detached retina can occur suddenly or gradually. In either scenario, it is considered a medical emergency. Early intervention with expert detached retina diagnosis and surgery increases the chances of visual recovery and protects you from long\u2011term vision loss.<\/p>\t\t\t\t\t\t\t\t<\/div>\n\t\t\t\t<\/div>\n\t\t\t\t\t<\/details>\n\t\t\t\t\t\t<details id=\"e-n-accordion-item-1921\" class=\"e-n-accordion-item\" >\n\t\t\t\t<summary class=\"e-n-accordion-item-title\" data-accordion-index=\"2\" tabindex=\"-1\" aria-expanded=\"false\" aria-controls=\"e-n-accordion-item-1921\" >\n\t\t\t\t\t<span class='e-n-accordion-item-title-header'><div class=\"e-n-accordion-item-title-text\"> Why a Detached Retina Is Serious <\/div><\/span>\n\t\t\t\t\t\t\t<span class='e-n-accordion-item-title-icon'>\n\t\t\t<span class='e-opened' ><svg aria-hidden=\"true\" class=\"e-font-icon-svg e-fas-minus\" viewbox=\"0 0 448 512\" xmlns=\"http:\/\/www.w3.org\/2000\/svg\"><path d=\"M416 208H32c-17.67 0-32 14.33-32 32v32c0 17.67 14.33 32 32 32h384c17.67 0 32-14.33 32-32v-32c0-17.67-14.33-32-32-32z\"><\/path><\/svg><\/span>\n\t\t\t<span class='e-closed'><svg aria-hidden=\"true\" class=\"e-font-icon-svg e-fas-plus\" viewbox=\"0 0 448 512\" xmlns=\"http:\/\/www.w3.org\/2000\/svg\"><path d=\"M416 208H272V64c0-17.67-14.33-32-32-32h-32c-17.67 0-32 14.33-32 32v144H32c-17.67 0-32 14.33-32 32v32c0 17.67 14.33 32 32 32h144v144c0 17.67 14.33 32 32 32h32c17.67 0 32-14.33 32-32V304h144c17.67 0 32-14.33 32-32v-32c0-17.67-14.33-32-32-32z\"><\/path><\/svg><\/span>\n\t\t<\/span>\n\n\t\t\t\t\t\t<\/summary>\n\t\t\t\t<div role=\"region\" aria-labelledby=\"e-n-accordion-item-1921\" class=\"elementor-element elementor-element-420d4b16 e-con-full e-flex e-con e-child\" data-id=\"420d4b16\" data-element_type=\"container\" data-e-type=\"container\">\n\t\t\t\t<div class=\"elementor-element elementor-element-71d67a6 elementor-widget elementor-widget-text-editor\" data-id=\"71d67a6\" data-element_type=\"widget\" data-e-type=\"widget\" data-widget_type=\"text-editor.default\">\n\t\t\t\t\t\t\t\t\t<p data-start=\"1508\" data-end=\"1774\">When the retina lifts away from its underlying support, the eye loses its ability to send clear visual signals to the brain. Unlike minor eye irritations or temporary disturbances, a detached retina affects the fundamental structure of the eye. Without swift action:<\/p><ul data-start=\"1776\" data-end=\"1891\"><li data-start=\"1776\" data-end=\"1808\"><p data-start=\"1778\" data-end=\"1808\">Vision can deteriorate rapidly<\/p><\/li><li data-start=\"1809\" data-end=\"1839\"><p data-start=\"1811\" data-end=\"1839\">Permanent scarring may occur<\/p><\/li><li data-start=\"1840\" data-end=\"1891\"><p data-start=\"1842\" data-end=\"1891\">The retina may no longer reattach without surgery<\/p><\/li><\/ul><p data-start=\"1893\" data-end=\"1999\">If you notice warning signs of retinal detachment, immediate evaluation by an ophthalmologist is critical.<\/p>\t\t\t\t\t\t\t\t<\/div>\n\t\t\t\t<\/div>\n\t\t\t\t\t<\/details>\n\t\t\t\t\t\t<details id=\"e-n-accordion-item-1922\" class=\"e-n-accordion-item\" >\n\t\t\t\t<summary class=\"e-n-accordion-item-title\" data-accordion-index=\"3\" tabindex=\"-1\" aria-expanded=\"false\" aria-controls=\"e-n-accordion-item-1922\" >\n\t\t\t\t\t<span class='e-n-accordion-item-title-header'><div class=\"e-n-accordion-item-title-text\"> Common Signs &amp; Symptoms <\/div><\/span>\n\t\t\t\t\t\t\t<span class='e-n-accordion-item-title-icon'>\n\t\t\t<span class='e-opened' ><svg aria-hidden=\"true\" class=\"e-font-icon-svg e-fas-minus\" viewbox=\"0 0 448 512\" xmlns=\"http:\/\/www.w3.org\/2000\/svg\"><path d=\"M416 208H32c-17.67 0-32 14.33-32 32v32c0 17.67 14.33 32 32 32h384c17.67 0 32-14.33 32-32v-32c0-17.67-14.33-32-32-32z\"><\/path><\/svg><\/span>\n\t\t\t<span class='e-closed'><svg aria-hidden=\"true\" class=\"e-font-icon-svg e-fas-plus\" viewbox=\"0 0 448 512\" xmlns=\"http:\/\/www.w3.org\/2000\/svg\"><path d=\"M416 208H272V64c0-17.67-14.33-32-32-32h-32c-17.67 0-32 14.33-32 32v144H32c-17.67 0-32 14.33-32 32v32c0 17.67 14.33 32 32 32h144v144c0 17.67 14.33 32 32 32h32c17.67 0 32-14.33 32-32V304h144c17.67 0 32-14.33 32-32v-32c0-17.67-14.33-32-32-32z\"><\/path><\/svg><\/span>\n\t\t<\/span>\n\n\t\t\t\t\t\t<\/summary>\n\t\t\t\t<div role=\"region\" aria-labelledby=\"e-n-accordion-item-1922\" class=\"elementor-element elementor-element-3f5423c0 e-flex e-con-boxed e-con e-child\" data-id=\"3f5423c0\" data-element_type=\"container\" data-e-type=\"container\">\n\t\t\t\t\t<div class=\"e-con-inner\">\n\t\t\t\t<div class=\"elementor-element elementor-element-664cd6dc elementor-widget elementor-widget-text-editor\" data-id=\"664cd6dc\" data-element_type=\"widget\" data-e-type=\"widget\" data-widget_type=\"text-editor.default\">\n\t\t\t\t\t\t\t\t\t<div class=\"elementor-element elementor-element-5d47af4 elementor-widget elementor-widget-heading\" data-id=\"5d47af4\" data-element_type=\"widget\" data-e-type=\"widget\" data-widget_type=\"heading.default\"><div class=\"elementor-element elementor-element-42f538a0 elementor-widget elementor-widget-text-editor\" data-id=\"42f538a0\" data-element_type=\"widget\" data-e-type=\"widget\" data-widget_type=\"text-editor.default\"><p data-start=\"2055\" data-end=\"2180\">Detached retina symptoms often begin subtly and progress quickly. Recognizing these early warning signs can save your vision:<\/p><\/div><div class=\"elementor-element elementor-element-b5ac134 e-con-full e-flex e-con e-child\" data-id=\"b5ac134\" data-element_type=\"container\" data-e-type=\"container\"><div class=\"elementor-element elementor-element-5dd2c2be elementor-widget elementor-widget-heading\" data-id=\"5dd2c2be\" data-element_type=\"widget\" data-e-type=\"widget\" data-widget_type=\"heading.default\"><h3 class=\"elementor-heading-title elementor-size-default\">1. Sudden Flashes of Light<\/h3><\/div><div class=\"elementor-element elementor-element-1360a8c elementor-widget elementor-widget-text-editor\" data-id=\"1360a8c\" data-element_type=\"widget\" data-e-type=\"widget\" data-widget_type=\"text-editor.default\"><p data-start=\"2217\" data-end=\"2324\">Seeing flashes \u2014 often described like stars after a camera flash \u2014 can indicate the retina is being tugged.<\/p><\/div><\/div><div class=\"elementor-element elementor-element-36506e32 e-con-full e-flex e-con e-child\" data-id=\"36506e32\" data-element_type=\"container\" data-e-type=\"container\"><div class=\"elementor-element elementor-element-4ec1dc19 elementor-widget elementor-widget-heading\" data-id=\"4ec1dc19\" data-element_type=\"widget\" data-e-type=\"widget\" data-widget_type=\"heading.default\"><h3 class=\"elementor-heading-title elementor-size-default\">2. New or Increasing Floaters<\/h3><\/div><div class=\"elementor-element elementor-element-71afa145 elementor-widget elementor-widget-text-editor\" data-id=\"71afa145\" data-element_type=\"widget\" data-e-type=\"widget\" data-widget_type=\"text-editor.default\"><p data-start=\"2364\" data-end=\"2448\">You may notice specks, threads, or cobweb\u2011like shadows drifting through your vision.<\/p><\/div><\/div><div class=\"elementor-element elementor-element-63925294 e-con-full e-flex e-con e-child\" data-id=\"63925294\" data-element_type=\"container\" data-e-type=\"container\"><div class=\"elementor-element elementor-element-5bb4463a elementor-widget elementor-widget-heading\" data-id=\"5bb4463a\" data-element_type=\"widget\" data-e-type=\"widget\" data-widget_type=\"heading.default\"><h3 class=\"elementor-heading-title elementor-size-default\">3. Blurred Vision<\/h3><\/div><div class=\"elementor-element elementor-element-3310c663 elementor-widget elementor-widget-text-editor\" data-id=\"3310c663\" data-element_type=\"widget\" data-e-type=\"widget\" data-widget_type=\"text-editor.default\"><p data-start=\"2476\" data-end=\"2549\">As the retina begins to separate, your vision may become hazy or unclear.<\/p><\/div><\/div><div class=\"elementor-element elementor-element-ad88c1c e-con-full e-flex e-con e-child\" data-id=\"ad88c1c\" data-element_type=\"container\" data-e-type=\"container\"><div class=\"elementor-element elementor-element-2dcb56b elementor-widget elementor-widget-heading\" data-id=\"2dcb56b\" data-element_type=\"widget\" data-e-type=\"widget\" data-widget_type=\"heading.default\"><h3 class=\"elementor-heading-title elementor-size-default\">4. Shadow or Curtain Over Vision<\/h3><\/div><div class=\"elementor-element elementor-element-d0c89b9 elementor-widget elementor-widget-text-editor\" data-id=\"d0c89b9\" data-element_type=\"widget\" data-e-type=\"widget\" data-widget_type=\"text-editor.default\"><p data-start=\"2592\" data-end=\"2728\">A common hallmark sign is a dark shadow spreading across your side (peripheral) vision, like a curtain falling over your field of sight.<\/p><\/div><\/div><div class=\"elementor-element elementor-element-d14441d e-con-full e-flex e-con e-child\" data-id=\"d14441d\" data-element_type=\"container\" data-e-type=\"container\"><div class=\"elementor-element elementor-element-e556f56 elementor-widget elementor-widget-heading\" data-id=\"e556f56\" data-element_type=\"widget\" data-e-type=\"widget\" data-widget_type=\"heading.default\"><h3 class=\"elementor-heading-title elementor-size-default\">5. No Pain<\/h3><\/div><div class=\"elementor-element elementor-element-17d9560 elementor-widget elementor-widget-text-editor\" data-id=\"17d9560\" data-element_type=\"widget\" data-e-type=\"widget\" data-widget_type=\"text-editor.default\"><p data-start=\"2749\" data-end=\"2893\">Unlike many eye issues, retinal detachment typically does not cause pain. Pain isn\u2019t a reliable sign, so vision changes should never be ignored.<\/p><p data-start=\"2895\" data-end=\"3098\">If you experience any of these symptoms \u2014 even if sight seems stable \u2014 seeking immediate evaluation is essential. Timely treatment can mean the difference between preserved vision and permanent loss.<\/p><\/div><\/div><\/div>\t\t\t\t\t\t\t\t<\/div>\n\t\t\t\t\t<\/div>\n\t\t\t\t<\/div>\n\t\t\t\t\t<\/details>\n\t\t\t\t\t<\/div>\n\t\t\t\t\t\t<\/div>\n\t\t\t\t<\/div>\n\t\t\t\t\t<\/div>\n\t\t\t\t<\/div>\n\t\t<div class=\"elementor-element elementor-element-153bdea7 e-con-full e-flex e-con e-parent\" data-id=\"153bdea7\" data-element_type=\"container\" data-e-type=\"container\">\n\t\t\t\t<div class=\"elementor-element elementor-element-7eefe002 elementor-widget elementor-widget-heading\" data-id=\"7eefe002\" data-element_type=\"widget\" data-e-type=\"widget\" data-widget_type=\"heading.default\">\n\t\t\t\t\t<h2 class=\"elementor-heading-title elementor-size-default\">Ressources externes <\/h2>\t\t\t\t<\/div>\n\t\t\t\t<div class=\"elementor-element elementor-element-1a0f6cde elementor-icon-list--layout-traditional elementor-list-item-link-full_width elementor-widget elementor-widget-icon-list\" data-id=\"1a0f6cde\" data-element_type=\"widget\" data-e-type=\"widget\" data-widget_type=\"icon-list.default\">\n\t\t\t\t\t\t\t<ul class=\"elementor-icon-list-items\">\n\t\t\t\t\t\t\t<li class=\"elementor-icon-list-item\">\n\t\t\t\t\t\t\t\t\t\t\t<a href=\"https:\/\/www.aao.org\/eye-health\/diseases\/detached-torn-retina\" target=\"_blank\" rel=\"noopener\">\n\n\t\t\t\t\t\t\t\t\t\t\t\t<span class=\"elementor-icon-list-icon\">\n\t\t\t\t\t\t\t<svg aria-hidden=\"true\" class=\"e-font-icon-svg e-fas-check\" viewbox=\"0 0 512 512\" xmlns=\"http:\/\/www.w3.org\/2000\/svg\"><path d=\"M173.898 439.404l-166.4-166.4c-9.997-9.997-9.997-26.206 0-36.204l36.203-36.204c9.997-9.998 26.207-9.998 36.204 0L192 312.69 432.095 72.596c9.997-9.997 26.207-9.997 36.204 0l36.203 36.204c9.997 9.997 9.997 26.206 0 36.204l-294.4 294.401c-9.998 9.997-26.207 9.997-36.204-.001z\"><\/path><\/svg>\t\t\t\t\t\t<\/span>\n\t\t\t\t\t\t\t\t\t\t<span class=\"elementor-icon-list-text\">Acad\u00e9mie am\u00e9ricaine d'ophtalmologie (AAO)<\/span>\n\t\t\t\t\t\t\t\t\t\t\t<\/a>\n\t\t\t\t\t\t\t\t\t<\/li>\n\t\t\t\t\t\t\t\t<li class=\"elementor-icon-list-item\">\n\t\t\t\t\t\t\t\t\t\t\t<a href=\"https:\/\/www.nhs.uk\/conditions\/detached-retina-retinal-detachment\/\" target=\"_blank\" rel=\"noopener\">\n\n\t\t\t\t\t\t\t\t\t\t\t\t<span class=\"elementor-icon-list-icon\">\n\t\t\t\t\t\t\t<svg aria-hidden=\"true\" class=\"e-font-icon-svg e-fas-check\" viewbox=\"0 0 512 512\" xmlns=\"http:\/\/www.w3.org\/2000\/svg\"><path d=\"M173.898 439.404l-166.4-166.4c-9.997-9.997-9.997-26.206 0-36.204l36.203-36.204c9.997-9.998 26.207-9.998 36.204 0L192 312.69 432.095 72.596c9.997-9.997 26.207-9.997 36.204 0l36.203 36.204c9.997 9.997 9.997 26.206 0 36.204l-294.4 294.401c-9.998 9.997-26.207 9.997-36.204-.001z\"><\/path><\/svg>\t\t\t\t\t\t<\/span>\n\t\t\t\t\t\t\t\t\t\t<span class=\"elementor-icon-list-text\">NHS Royaume-Uni<\/span>\n\t\t\t\t\t\t\t\t\t\t\t<\/a>\n\t\t\t\t\t\t\t\t\t<\/li>\n\t\t\t\t\t\t\t\t<li class=\"elementor-icon-list-item\">\n\t\t\t\t\t\t\t\t\t\t\t<a href=\"https:\/\/www.uofmhealth.org\/our-care\/specialties-services\/detached-retina-retinal-detachment\" target=\"_blank\" rel=\"noopener\">\n\n\t\t\t\t\t\t\t\t\t\t\t\t<span class=\"elementor-icon-list-icon\">\n\t\t\t\t\t\t\t<svg aria-hidden=\"true\" class=\"e-font-icon-svg e-fas-check\" viewbox=\"0 0 512 512\" xmlns=\"http:\/\/www.w3.org\/2000\/svg\"><path d=\"M173.898 439.404l-166.4-166.4c-9.997-9.997-9.997-26.206 0-36.204l36.203-36.204c9.997-9.998 26.207-9.998 36.204 0L192 312.69 432.095 72.596c9.997-9.997 26.207-9.997 36.204 0l36.203 36.204c9.997 9.997 9.997 26.206 0 36.204l-294.4 294.401c-9.998 9.997-26.207 9.997-36.204-.001z\"><\/path><\/svg>\t\t\t\t\t\t<\/span>\n\t\t\t\t\t\t\t\t\t\t<span class=\"elementor-icon-list-text\">University of Michigan Health<\/span>\n\t\t\t\t\t\t\t\t\t\t\t<\/a>\n\t\t\t\t\t\t\t\t\t<\/li>\n\t\t\t\t\t\t<\/ul>\n\t\t\t\t\t\t<\/div>\n\t\t\t\t<\/div>\n\t\t<div class=\"elementor-element elementor-element-5f9965a2 e-flex e-con-boxed e-con e-parent\" data-id=\"5f9965a2\" data-element_type=\"container\" data-e-type=\"container\">\n\t\t\t\t\t<div class=\"e-con-inner\">\n\t\t\t\t<div class=\"elementor-element elementor-element-17cb22bc elementor-widget elementor-widget-heading\" data-id=\"17cb22bc\" data-element_type=\"widget\" data-e-type=\"widget\" data-widget_type=\"heading.default\">\n\t\t\t\t\t<h2 class=\"elementor-heading-title elementor-size-default\">Foire aux questions (FAQ)<\/h2>\t\t\t\t<\/div>\n\t\t\t\t\t<\/div>\n\t\t\t\t<\/div>\n\t\t<div class=\"elementor-element elementor-element-34f34b42 e-flex e-con-boxed e-con e-parent\" data-id=\"34f34b42\" data-element_type=\"container\" data-e-type=\"container\" data-settings=\"{&quot;background_background&quot;:&quot;classic&quot;}\">\n\t\t\t\t\t<div class=\"e-con-inner\">\n\t\t\t\t<div class=\"elementor-element elementor-element-d00b9ba elementor-align-center elementor-widget elementor-widget-button\" data-id=\"d00b9ba\" data-element_type=\"widget\" data-e-type=\"widget\" data-widget_type=\"button.default\">\n\t\t\t\t\t\t\t\t\t\t<a class=\"elementor-button elementor-button-link elementor-size-sm elementor-animation-grow\" href=\"https:\/\/ebsaar.ae\/fr\/contactez-nous\/\">\n\t\t\t\t\t\t<span class=\"elementor-button-content-wrapper\">\n\t\t\t\t\t\t\t\t\t<span class=\"elementor-button-text\">Prendre un rendez-vous<\/span>\n\t\t\t\t\t<\/span>\n\t\t\t\t\t<\/a>\n\t\t\t\t\t\t\t\t<\/div>\n\t\t\t\t\t<\/div>\n\t\t\t\t<\/div>\n\t\t\t\t<\/div>","protected":false},"excerpt":{"rendered":"<p>Detached Retina Effective Detached Retina Treatment in Dubai Critical treatment to secure the retina and prevent irreversible blindness. What Is [&hellip;]<\/p>\n","protected":false},"author":1,"featured_media":1211,"parent":0,"menu_order":0,"comment_status":"closed","ping_status":"closed","template":"","meta":{"site-sidebar-layout":"no-sidebar","site-content-layout":"","ast-site-content-layout":"full-width-container","site-content-style":"default","site-sidebar-style":"default","ast-global-header-display":"","ast-banner-title-visibility":"","ast-main-header-display":"","ast-hfb-above-header-display":"","ast-hfb-below-header-display":"","ast-hfb-mobile-header-display":"","site-post-title":"disabled","ast-breadcrumbs-content":"","ast-featured-img":"disabled","footer-sml-layout":"","ast-disable-related-posts":"","theme-transparent-header-meta":"","adv-header-id-meta":"","stick-header-meta":"","header-above-stick-meta":"","header-main-stick-meta":"","header-below-stick-meta":"","astra-migrate-meta-layouts":"default","ast-page-background-enabled":"default","ast-page-background-meta":{"desktop":{"background-color":"var(--ast-global-color-5)","background-image":"","background-repeat":"repeat","background-position":"center center","background-size":"auto","background-attachment":"scroll","background-type":"","background-media":"","overlay-type":"","overlay-color":"","overlay-opacity":"","overlay-gradient":""},"tablet":{"background-color":"","background-image":"","background-repeat":"repeat","background-position":"center center","background-size":"auto","background-attachment":"scroll","background-type":"","background-media":"","overlay-type":"","overlay-color":"","overlay-opacity":"","overlay-gradient":""},"mobile":{"background-color":"","background-image":"","background-repeat":"repeat","background-position":"center center","background-size":"auto","background-attachment":"scroll","background-type":"","background-media":"","overlay-type":"","overlay-color":"","overlay-opacity":"","overlay-gradient":""}},"ast-content-background-meta":{"desktop":{"background-color":"var(--ast-global-color-4)","background-image":"","background-repeat":"repeat","background-position":"center center","background-size":"auto","background-attachment":"scroll","background-type":"","background-media":"","overlay-type":"","overlay-color":"","overlay-opacity":"","overlay-gradient":""},"tablet":{"background-color":"var(--ast-global-color-4)","background-image":"","background-repeat":"repeat","background-position":"center center","background-size":"auto","background-attachment":"scroll","background-type":"","background-media":"","overlay-type":"","overlay-color":"","overlay-opacity":"","overlay-gradient":""},"mobile":{"background-color":"var(--ast-global-color-4)","background-image":"","background-repeat":"repeat","background-position":"center center","background-size":"auto","background-attachment":"scroll","background-type":"","background-media":"","overlay-type":"","overlay-color":"","overlay-opacity":"","overlay-gradient":""}},"footnotes":""},"class_list":["post-1127","page","type-page","status-publish","has-post-thumbnail","hentry"],"_links":{"self":[{"href":"https:\/\/ebsaar.ae\/fr\/wp-json\/wp\/v2\/pages\/1127","targetHints":{"allow":["GET"]}}],"collection":[{"href":"https:\/\/ebsaar.ae\/fr\/wp-json\/wp\/v2\/pages"}],"about":[{"href":"https:\/\/ebsaar.ae\/fr\/wp-json\/wp\/v2\/types\/page"}],"author":[{"embeddable":true,"href":"https:\/\/ebsaar.ae\/fr\/wp-json\/wp\/v2\/users\/1"}],"replies":[{"embeddable":true,"href":"https:\/\/ebsaar.ae\/fr\/wp-json\/wp\/v2\/comments?post=1127"}],"version-history":[{"count":55,"href":"https:\/\/ebsaar.ae\/fr\/wp-json\/wp\/v2\/pages\/1127\/revisions"}],"predecessor-version":[{"id":2667,"href":"https:\/\/ebsaar.ae\/fr\/wp-json\/wp\/v2\/pages\/1127\/revisions\/2667"}],"wp:featuredmedia":[{"embeddable":true,"href":"https:\/\/ebsaar.ae\/fr\/wp-json\/wp\/v2\/media\/1211"}],"wp:attachment":[{"href":"https:\/\/ebsaar.ae\/fr\/wp-json\/wp\/v2\/media?parent=1127"}],"curies":[{"name":"wp","href":"https:\/\/api.w.org\/{rel}","templated":true}]}}