{"id":743,"date":"2026-04-27T07:43:06","date_gmt":"2026-04-27T07:43:06","guid":{"rendered":"https:\/\/website.ebsaar.com\/?page_id=743"},"modified":"2026-05-15T08:00:30","modified_gmt":"2026-05-15T08:00:30","slug":"eyelids-external-eye","status":"publish","type":"page","link":"https:\/\/ebsaar.ae\/fr\/ebsaar-services\/eyelids-external-eye\/","title":{"rendered":"Eyelids &#038; External Eye"},"content":{"rendered":"<div data-elementor-type=\"wp-page\" data-elementor-id=\"743\" class=\"elementor elementor-743\" data-elementor-post-type=\"page\">\n\t\t\t\t<div class=\"elementor-element elementor-element-16533cdd e-con-full e-flex e-con e-parent\" data-id=\"16533cdd\" data-element_type=\"container\" data-e-type=\"container\" data-settings=\"{&quot;background_background&quot;:&quot;classic&quot;}\">\n\t\t<div class=\"elementor-element elementor-element-6555d961 e-con-full e-flex elementor-invisible e-con e-child\" data-id=\"6555d961\" data-element_type=\"container\" data-e-type=\"container\" data-settings=\"{&quot;background_background&quot;:&quot;classic&quot;,&quot;animation&quot;:&quot;slideInRight&quot;,&quot;animation_mobile&quot;:&quot;none&quot;}\">\n\t\t\t\t<div class=\"elementor-element elementor-element-49dafc92 elementor-widget__width-auto elementor-widget elementor-widget-heading\" data-id=\"49dafc92\" data-element_type=\"widget\" data-e-type=\"widget\" data-widget_type=\"heading.default\">\n\t\t\t\t\t<h1 class=\"elementor-heading-title elementor-size-default\">Paupi\u00e8res et Oeil externe<\/h1>\t\t\t\t<\/div>\n\t\t\t\t<\/div>\n\t\t\t\t<\/div>\n\t\t<div class=\"elementor-element elementor-element-1052c908 e-flex e-con-boxed e-con e-parent\" data-id=\"1052c908\" data-element_type=\"container\" data-e-type=\"container\" data-settings=\"{&quot;background_background&quot;:&quot;classic&quot;}\">\n\t\t\t\t\t<div class=\"e-con-inner\">\n\t\t<div class=\"elementor-element elementor-element-3b7b636c e-con-full e-flex e-con e-child\" data-id=\"3b7b636c\" data-element_type=\"container\" data-e-type=\"container\">\n\t\t\t\t<div class=\"elementor-element elementor-element-3ef9da99 elementor-widget__width-initial elementor-widget-mobile__width-inherit elementor-widget-tablet__width-inherit elementor-widget elementor-widget-text-editor\" data-id=\"3ef9da99\" data-element_type=\"widget\" data-e-type=\"widget\" data-widget_type=\"text-editor.default\">\n\t\t\t\t\t\t\t\t\t<p>Eyelids &amp; External Eye Treatments at Ebsaar Eye Surgery Center in Dubai are designed to diagnose and manage a wide range of conditions affecting the eyelids, lashes, and surrounding ocular surface, with a strong focus on both medical accuracy and patient comfort. The clinic provides advanced care for issues such as eyelid inflammation, infections, droopy eyelids, chalazion, blepharitis, and eye allergies, as well as functional and cosmetic concerns that may impact vision or appearance.<\/p>\t\t\t\t\t\t\t\t<\/div>\n\t\t\t\t<\/div>\n\t\t<div class=\"elementor-element elementor-element-25e2c501 animated-slow e-flex e-con-boxed elementor-invisible e-con e-child\" data-id=\"25e2c501\" data-element_type=\"container\" data-e-type=\"container\" data-settings=\"{&quot;animation&quot;:&quot;fadeInUp&quot;}\">\n\t\t\t\t\t<div class=\"e-con-inner\">\n\t\t<div class=\"elementor-element elementor-element-45cc6da e-con-full e-flex e-con e-child\" data-id=\"45cc6da\" data-element_type=\"container\" data-e-type=\"container\" data-settings=\"{&quot;background_background&quot;:&quot;classic&quot;}\">\n\t\t\t\t<div class=\"elementor-element elementor-element-24fce6b7 elementor-widget elementor-widget-heading\" data-id=\"24fce6b7\" data-element_type=\"widget\" data-e-type=\"widget\" data-widget_type=\"heading.default\">\n\t\t\t\t\t<h4 class=\"elementor-heading-title elementor-size-default\"><a href=\"#\">Traitement du chalazion<\/a><\/h4>\t\t\t\t<\/div>\n\t\t\t\t<div class=\"elementor-element elementor-element-575c8265 elementor-align-center elementor-widget elementor-widget-button\" data-id=\"575c8265\" data-element_type=\"widget\" data-e-type=\"widget\" data-widget_type=\"button.default\">\n\t\t\t\t\t\t\t\t\t\t<a class=\"elementor-button elementor-button-link elementor-size-sm\" href=\"https:\/\/ebsaar.ae\/fr\/services-ebsaar\/chalazion\/\">\n\t\t\t\t\t\t<span class=\"elementor-button-content-wrapper\">\n\t\t\t\t\t\t\t\t\t<span class=\"elementor-button-text\">En savoir plus<\/span>\n\t\t\t\t\t<\/span>\n\t\t\t\t\t<\/a>\n\t\t\t\t\t\t\t\t<\/div>\n\t\t\t\t<\/div>\n\t\t<div class=\"elementor-element elementor-element-30723ff9 e-con-full e-flex e-con e-child\" data-id=\"30723ff9\" data-element_type=\"container\" data-e-type=\"container\" data-settings=\"{&quot;background_background&quot;:&quot;classic&quot;}\">\n\t\t\t\t<div class=\"elementor-element elementor-element-3755a50a elementor-widget elementor-widget-heading\" data-id=\"3755a50a\" data-element_type=\"widget\" data-e-type=\"widget\" data-widget_type=\"heading.default\">\n\t\t\t\t\t<h4 class=\"elementor-heading-title elementor-size-default\"><a href=\"#\">Allergie oculaire<\/a><\/h4>\t\t\t\t<\/div>\n\t\t\t\t<div class=\"elementor-element elementor-element-152bf49a elementor-align-center elementor-widget elementor-widget-button\" data-id=\"152bf49a\" data-element_type=\"widget\" data-e-type=\"widget\" data-widget_type=\"button.default\">\n\t\t\t\t\t\t\t\t\t\t<a class=\"elementor-button elementor-button-link elementor-size-sm\" href=\"https:\/\/ebsaar.ae\/fr\/allergie-oculaire\/\">\n\t\t\t\t\t\t<span class=\"elementor-button-content-wrapper\">\n\t\t\t\t\t\t\t\t\t<span class=\"elementor-button-text\">En savoir plus<\/span>\n\t\t\t\t\t<\/span>\n\t\t\t\t\t<\/a>\n\t\t\t\t\t\t\t\t<\/div>\n\t\t\t\t<\/div>\n\t\t<div class=\"elementor-element elementor-element-4e66ea2e e-con-full e-flex e-con e-child\" data-id=\"4e66ea2e\" data-element_type=\"container\" data-e-type=\"container\" data-settings=\"{&quot;background_background&quot;:&quot;classic&quot;}\">\n\t\t\t\t<div class=\"elementor-element elementor-element-1d03d3d7 elementor-widget elementor-widget-heading\" data-id=\"1d03d3d7\" data-element_type=\"widget\" data-e-type=\"widget\" data-widget_type=\"heading.default\">\n\t\t\t\t\t<h4 class=\"elementor-heading-title elementor-size-default\"><a href=\"#\">Bl\u00e9pharite<\/a><\/h4>\t\t\t\t<\/div>\n\t\t\t\t<div class=\"elementor-element elementor-element-6885d675 elementor-align-center elementor-widget elementor-widget-button\" data-id=\"6885d675\" data-element_type=\"widget\" data-e-type=\"widget\" data-widget_type=\"button.default\">\n\t\t\t\t\t\t\t\t\t\t<a class=\"elementor-button elementor-button-link elementor-size-sm\" href=\"#\">\n\t\t\t\t\t\t<span class=\"elementor-button-content-wrapper\">\n\t\t\t\t\t\t\t\t\t<span class=\"elementor-button-text\">En savoir plus<\/span>\n\t\t\t\t\t<\/span>\n\t\t\t\t\t<\/a>\n\t\t\t\t\t\t\t\t<\/div>\n\t\t\t\t<\/div>\n\t\t\t\t\t<\/div>\n\t\t\t\t<\/div>\n\t\t\t\t\t<\/div>\n\t\t\t\t<\/div>\n\t\t<div class=\"elementor-element elementor-element-3f16d11a e-flex e-con-boxed e-con e-parent\" data-id=\"3f16d11a\" data-element_type=\"container\" data-e-type=\"container\" data-settings=\"{&quot;background_background&quot;:&quot;classic&quot;}\">\n\t\t\t\t\t<div class=\"e-con-inner\">\n\t\t\t\t<div class=\"elementor-element elementor-element-4c517419 elementor-widget elementor-widget-heading\" data-id=\"4c517419\" data-element_type=\"widget\" data-e-type=\"widget\" data-widget_type=\"heading.default\">\n\t\t\t\t\t<h2 class=\"elementor-heading-title elementor-size-default\">Pourquoi choisir le centre de chirurgie oculaire Ebsaar<\/h2>\t\t\t\t<\/div>\n\t\t<div class=\"elementor-element elementor-element-51edd31a e-con-full e-flex e-con e-child\" data-id=\"51edd31a\" data-element_type=\"container\" data-e-type=\"container\">\n\t\t<div class=\"elementor-element elementor-element-95811a2 e-con-full e-flex e-con e-child\" data-id=\"95811a2\" data-element_type=\"container\" data-e-type=\"container\" data-settings=\"{&quot;background_background&quot;:&quot;classic&quot;}\">\n\t\t\t\t<div class=\"elementor-element elementor-element-6a3887cb elementor-widget elementor-widget-text-editor\" data-id=\"6a3887cb\" data-element_type=\"widget\" data-e-type=\"widget\" data-widget_type=\"text-editor.default\">\n\t\t\t\t\t\t\t\t\t<p><strong data-start=\"91\" data-end=\"122\">Chirurgiens hautement exp\u00e9riment\u00e9s<\/strong><br data-start=\"122\" data-end=\"125\" \/>Dirig\u00e9 par le Dr Hani Sakla qui a gagn\u00e9 la confiance de clients de l'\u00e9lite et de membres de la royaut\u00e9, dont <span class=\"hover:entity-accent entity-underline inline cursor-pointer align-baseline\"><span class=\"whitespace-normal\">Cheikh Mohammed ben Rachid Al Maktoum<\/span><\/span>. avec plus de 30 ans d'expertise internationale en chirurgie oculaire.<\/p>\t\t\t\t\t\t\t\t<\/div>\n\t\t\t\t<\/div>\n\t\t\t\t<div class=\"elementor-element elementor-element-3f218e27 elementor-widget__width-initial elementor-widget-mobile__width-inherit elementor-widget elementor-widget-image\" data-id=\"3f218e27\" data-element_type=\"widget\" data-e-type=\"widget\" data-widget_type=\"image.default\">\n\t\t\t\t\t\t\t\t\t\t\t\t\t\t\t<img fetchpriority=\"high\" decoding=\"async\" width=\"405\" height=\"540\" src=\"https:\/\/ebsaar.ae\/wp-content\/uploads\/2026\/04\/Mohammed-Bin-Rashed.avif\" class=\"attachment-medium_large size-medium_large wp-image-402\" alt=\"Cheikh Mohammed Ben Rached\" \/>\t\t\t\t\t\t\t\t\t\t\t\t\t\t\t<\/div>\n\t\t<div class=\"elementor-element elementor-element-5a597032 e-con-full e-flex e-con e-child\" data-id=\"5a597032\" data-element_type=\"container\" data-e-type=\"container\" data-settings=\"{&quot;background_background&quot;:&quot;classic&quot;}\">\n\t\t\t\t<div class=\"elementor-element elementor-element-57718a81 elementor-widget elementor-widget-text-editor\" data-id=\"57718a81\" data-element_type=\"widget\" data-e-type=\"widget\" data-widget_type=\"text-editor.default\">\n\t\t\t\t\t\t\t\t\t<p><strong data-start=\"445\" data-end=\"481\">Soins complets et personnalis\u00e9s<\/strong><br data-start=\"481\" data-end=\"484\" \/>Offre une large gamme de traitements oculaires avec des solutions personnalis\u00e9es pour chaque patient et des r\u00e9sultats visuels \u00e0 long terme.<\/p>\t\t\t\t\t\t\t\t<\/div>\n\t\t\t\t<\/div>\n\t\t\t\t<div class=\"elementor-element elementor-element-196e57b elementor-widget__width-initial elementor-widget-mobile__width-inherit elementor-widget elementor-widget-image\" data-id=\"196e57b\" data-element_type=\"widget\" data-e-type=\"widget\" data-widget_type=\"image.default\">\n\t\t\t\t\t\t\t\t\t\t\t\t\t\t\t<img decoding=\"async\" width=\"410\" height=\"284\" src=\"https:\/\/ebsaar.ae\/wp-content\/uploads\/2026\/04\/eye-exam-consulting-and-smile-with-doctor-and-bla-2025-04-05-14-04-21-utc-1.jpg\" class=\"attachment-medium_large size-medium_large wp-image-42\" alt=\"\" srcset=\"https:\/\/ebsaar.ae\/wp-content\/uploads\/2026\/04\/eye-exam-consulting-and-smile-with-doctor-and-bla-2025-04-05-14-04-21-utc-1.jpg 410w, https:\/\/ebsaar.ae\/wp-content\/uploads\/2026\/04\/eye-exam-consulting-and-smile-with-doctor-and-bla-2025-04-05-14-04-21-utc-1-300x208.jpg 300w\" sizes=\"(max-width: 410px) 100vw, 410px\" \/>\t\t\t\t\t\t\t\t\t\t\t\t\t\t\t<\/div>\n\t\t<div class=\"elementor-element elementor-element-2d47a658 e-con-full e-flex e-con e-child\" data-id=\"2d47a658\" data-element_type=\"container\" data-e-type=\"container\" data-settings=\"{&quot;background_background&quot;:&quot;classic&quot;}\">\n\t\t\t\t<div class=\"elementor-element elementor-element-60690d71 elementor-widget elementor-widget-text-editor\" data-id=\"60690d71\" data-element_type=\"widget\" data-e-type=\"widget\" data-widget_type=\"text-editor.default\">\n\t\t\t\t\t\t\t\t\t<p><strong data-start=\"253\" data-end=\"289\">Technologie de pointe et innovation<\/strong><br data-start=\"289\" data-end=\"292\" \/>Utilise un \u00e9quipement de pointe et a contribu\u00e9 aux avanc\u00e9es mondiales dans les traitements LASIK et de la cataracte.<\/p>\t\t\t\t\t\t\t\t<\/div>\n\t\t\t\t<\/div>\n\t\t\t\t<div class=\"elementor-element elementor-element-71422c65 elementor-widget__width-initial elementor-widget-mobile__width-inherit elementor-widget elementor-widget-image\" data-id=\"71422c65\" data-element_type=\"widget\" data-e-type=\"widget\" data-widget_type=\"image.default\">\n\t\t\t\t\t\t\t\t\t\t\t\t\t\t\t<img decoding=\"async\" width=\"410\" height=\"284\" src=\"https:\/\/ebsaar.ae\/wp-content\/uploads\/2026\/04\/senior-man-undergoing-eye-examination-with-female-2025-11-14-10-08-21-utc-1.jpg\" class=\"attachment-medium_large size-medium_large wp-image-44\" alt=\"\" srcset=\"https:\/\/ebsaar.ae\/wp-content\/uploads\/2026\/04\/senior-man-undergoing-eye-examination-with-female-2025-11-14-10-08-21-utc-1.jpg 410w, https:\/\/ebsaar.ae\/wp-content\/uploads\/2026\/04\/senior-man-undergoing-eye-examination-with-female-2025-11-14-10-08-21-utc-1-300x208.jpg 300w\" sizes=\"(max-width: 410px) 100vw, 410px\" \/>\t\t\t\t\t\t\t\t\t\t\t\t\t\t\t<\/div>\n\t\t\t\t<\/div>\n\t\t\t\t\t<\/div>\n\t\t\t\t<\/div>\n\t\t<div class=\"elementor-element elementor-element-1ce45ecf e-flex e-con-boxed e-con e-parent\" data-id=\"1ce45ecf\" data-element_type=\"container\" data-e-type=\"container\" data-settings=\"{&quot;background_background&quot;:&quot;classic&quot;}\">\n\t\t\t\t\t<div class=\"e-con-inner\">\n\t\t\t\t<div class=\"elementor-element elementor-element-245ac611 elementor-align-center elementor-widget elementor-widget-button\" data-id=\"245ac611\" data-element_type=\"widget\" data-e-type=\"widget\" data-widget_type=\"button.default\">\n\t\t\t\t\t\t\t\t\t\t<a class=\"elementor-button elementor-button-link elementor-size-sm elementor-animation-grow\" href=\"#\">\n\t\t\t\t\t\t<span class=\"elementor-button-content-wrapper\">\n\t\t\t\t\t\t\t\t\t<span class=\"elementor-button-text\">Prendre un rendez-vous<\/span>\n\t\t\t\t\t<\/span>\n\t\t\t\t\t<\/a>\n\t\t\t\t\t\t\t\t<\/div>\n\t\t\t\t\t<\/div>\n\t\t\t\t<\/div>\n\t\t\t\t<\/div>","protected":false},"excerpt":{"rendered":"<p>Eyelids &amp; External Eye Eyelids &amp; External Eye Treatments at Ebsaar Eye Surgery Center in Dubai are designed to diagnose [&hellip;]<\/p>\n","protected":false},"author":1,"featured_media":224,"parent":417,"menu_order":0,"comment_status":"closed","ping_status":"closed","template":"","meta":{"site-sidebar-layout":"no-sidebar","site-content-layout":"","ast-site-content-layout":"full-width-container","site-content-style":"default","site-sidebar-style":"default","ast-global-header-display":"","ast-banner-title-visibility":"","ast-main-header-display":"","ast-hfb-above-header-display":"","ast-hfb-below-header-display":"","ast-hfb-mobile-header-display":"","site-post-title":"disabled","ast-breadcrumbs-content":"","ast-featured-img":"disabled","footer-sml-layout":"","ast-disable-related-posts":"","theme-transparent-header-meta":"","adv-header-id-meta":"","stick-header-meta":"","header-above-stick-meta":"","header-main-stick-meta":"","header-below-stick-meta":"","astra-migrate-meta-layouts":"default","ast-page-background-enabled":"default","ast-page-background-meta":{"desktop":{"background-color":"var(--ast-global-color-5)","background-image":"","background-repeat":"repeat","background-position":"center center","background-size":"auto","background-attachment":"scroll","background-type":"","background-media":"","overlay-type":"","overlay-color":"","overlay-opacity":"","overlay-gradient":""},"tablet":{"background-color":"","background-image":"","background-repeat":"repeat","background-position":"center center","background-size":"auto","background-attachment":"scroll","background-type":"","background-media":"","overlay-type":"","overlay-color":"","overlay-opacity":"","overlay-gradient":""},"mobile":{"background-color":"","background-image":"","background-repeat":"repeat","background-position":"center center","background-size":"auto","background-attachment":"scroll","background-type":"","background-media":"","overlay-type":"","overlay-color":"","overlay-opacity":"","overlay-gradient":""}},"ast-content-background-meta":{"desktop":{"background-color":"var(--ast-global-color-4)","background-image":"","background-repeat":"repeat","background-position":"center center","background-size":"auto","background-attachment":"scroll","background-type":"","background-media":"","overlay-type":"","overlay-color":"","overlay-opacity":"","overlay-gradient":""},"tablet":{"background-color":"var(--ast-global-color-4)","background-image":"","background-repeat":"repeat","background-position":"center center","background-size":"auto","background-attachment":"scroll","background-type":"","background-media":"","overlay-type":"","overlay-color":"","overlay-opacity":"","overlay-gradient":""},"mobile":{"background-color":"var(--ast-global-color-4)","background-image":"","background-repeat":"repeat","background-position":"center center","background-size":"auto","background-attachment":"scroll","background-type":"","background-media":"","overlay-type":"","overlay-color":"","overlay-opacity":"","overlay-gradient":""}},"footnotes":""},"class_list":["post-743","page","type-page","status-publish","has-post-thumbnail","hentry"],"_links":{"self":[{"href":"https:\/\/ebsaar.ae\/fr\/wp-json\/wp\/v2\/pages\/743","targetHints":{"allow":["GET"]}}],"collection":[{"href":"https:\/\/ebsaar.ae\/fr\/wp-json\/wp\/v2\/pages"}],"about":[{"href":"https:\/\/ebsaar.ae\/fr\/wp-json\/wp\/v2\/types\/page"}],"author":[{"embeddable":true,"href":"https:\/\/ebsaar.ae\/fr\/wp-json\/wp\/v2\/users\/1"}],"replies":[{"embeddable":true,"href":"https:\/\/ebsaar.ae\/fr\/wp-json\/wp\/v2\/comments?post=743"}],"version-history":[{"count":1,"href":"https:\/\/ebsaar.ae\/fr\/wp-json\/wp\/v2\/pages\/743\/revisions"}],"predecessor-version":[{"id":2744,"href":"https:\/\/ebsaar.ae\/fr\/wp-json\/wp\/v2\/pages\/743\/revisions\/2744"}],"up":[{"embeddable":true,"href":"https:\/\/ebsaar.ae\/fr\/wp-json\/wp\/v2\/pages\/417"}],"wp:featuredmedia":[{"embeddable":true,"href":"https:\/\/ebsaar.ae\/fr\/wp-json\/wp\/v2\/media\/224"}],"wp:attachment":[{"href":"https:\/\/ebsaar.ae\/fr\/wp-json\/wp\/v2\/media?parent=743"}],"curies":[{"name":"wp","href":"https:\/\/api.w.org\/{rel}","templated":true}]}}