{"id":928,"date":"2026-04-28T10:33:45","date_gmt":"2026-04-28T10:33:45","guid":{"rendered":"https:\/\/website.ebsaar.com\/?page_id=928"},"modified":"2026-05-01T03:54:03","modified_gmt":"2026-05-01T03:54:03","slug":"dr-wassim-el-troudi","status":"publish","type":"page","link":"https:\/\/ebsaar.ae\/fr\/dr-wassim-el-troudi\/","title":{"rendered":"Dr. Wassim El Troudi"},"content":{"rendered":"<div data-elementor-type=\"wp-page\" data-elementor-id=\"928\" class=\"elementor elementor-928\" data-elementor-post-type=\"page\">\n\t\t\t\t<div class=\"elementor-element elementor-element-3d770caa e-flex e-con-boxed e-con e-parent\" data-id=\"3d770caa\" data-element_type=\"container\" data-e-type=\"container\">\n\t\t\t\t\t<div class=\"e-con-inner\">\n\t\t<div class=\"elementor-element elementor-element-58640e4e e-con-full e-flex e-con e-child\" data-id=\"58640e4e\" data-element_type=\"container\" data-e-type=\"container\">\n\t\t\t\t<div class=\"elementor-element elementor-element-5155aea2 elementor-widget elementor-widget-image\" data-id=\"5155aea2\" data-element_type=\"widget\" data-e-type=\"widget\" data-widget_type=\"image.default\">\n\t\t\t\t\t\t\t\t\t\t\t\t<figure class=\"wp-caption\">\n\t\t\t\t\t\t\t\t\t\t<img fetchpriority=\"high\" decoding=\"async\" width=\"469\" height=\"531\" src=\"https:\/\/ebsaar.ae\/wp-content\/uploads\/2026\/04\/WASSIM_ALTROUDI-removebg-preview.avif\" class=\"attachment-large size-large wp-image-246\" alt=\"Dr. Wassim El Troudi\" \/>\t\t\t\t\t\t\t\t\t\t\t<figcaption class=\"widget-image-caption wp-caption-text\">Dr. Wassim El Troudi<\/figcaption>\n\t\t\t\t\t\t\t\t\t\t<\/figure>\n\t\t\t\t\t\t\t\t\t<\/div>\n\t\t\t\t<\/div>\n\t\t<div class=\"elementor-element elementor-element-7d32ce58 e-con-full e-flex e-con e-child\" data-id=\"7d32ce58\" data-element_type=\"container\" data-e-type=\"container\">\n\t\t\t\t<div class=\"elementor-element elementor-element-5f2d7c02 elementor-widget elementor-widget-elementskit-accordion\" data-id=\"5f2d7c02\" data-element_type=\"widget\" data-e-type=\"widget\" data-widget_type=\"elementskit-accordion.default\">\n\t\t\t\t\t<div class=\"ekit-wid-con\" >\n        <div class=\"elementskit-accordion accoedion-primary\" id=\"accordion-6a04eb0a4a48f\">\n\n            \n                <div class=\"elementskit-card\">\n                    <div class=\"elementskit-card-header\" id=\"primaryHeading-0-5f2d7c02\">\n                        <a href=\"#collapse-14e64836a04eb0a4a48f\" class=\"ekit-accordion--toggler elementskit-btn-link collapsed\" data-ekit-toggle=\"collapse\" data-target=\"#Collapse-14e64836a04eb0a4a48f\" aria-expanded=\"false\" aria-controls=\"Collapse-14e64836a04eb0a4a48f\">\n                            \n                            <span class=\"ekit-accordion-title\">Ophtalmologiste consultant<\/span>\n\n                            \n                                <div class=\"ekit_accordion_icon_group\">\n                                    <div class=\"ekit_accordion_normal_icon\">\n                                        <!-- Normal Icon -->\n\t\t\t\t\t\t\t\t\t\t                                    <\/div>\n\n                                    <div class=\"ekit_accordion_active_icon\">\n                                        <!-- Active Icon -->\n\t\t\t\t\t\t\t\t\t\t                                    <\/div>\n                                <\/div>\n\n                            \n                                                    <\/a>\n                    <\/div>\n\n                    <div id=\"Collapse-14e64836a04eb0a4a48f\" class=\"collapse\" aria-labelledby=\"primaryHeading-0-5f2d7c02\" data-parent=\"#accordion-6a04eb0a4a48f\">\n\n                        <div class=\"elementskit-card-body ekit-accordion--content\">\n                            <p>L'expertise du Dr Altroudi couvre un \u00e9ventail diversifi\u00e9 de cas cliniques en ophtalmologie, les maladies et dystrophies de la corn\u00e9e, notamment le k\u00e9ratoc\u00f4ne et les complications post-traumatiques, la chirurgie de la cataracte et du glaucome, ainsi que les implants intraoculaires. De plus, le Dr Altroudi a acquis une exp\u00e9rience chirurgicale significative dans la r\u00e9alisation de la chirurgie r\u00e9fractive (LASIK, EPILASIK) et des implants intraoculaires phakes (ICL, Cashet, Artisan...).<\/p>                        <\/div>\n\n                    <\/div>\n\n                <\/div><!-- .elementskit-card END -->\n\n                \n                <div class=\"elementskit-card\">\n                    <div class=\"elementskit-card-header\" id=\"primaryHeading-1-5f2d7c02\">\n                        <a href=\"#collapse-65f05616a04eb0a4a48f\" class=\"ekit-accordion--toggler elementskit-btn-link collapsed\" data-ekit-toggle=\"collapse\" data-target=\"#Collapse-65f05616a04eb0a4a48f\" aria-expanded=\"false\" aria-controls=\"Collapse-65f05616a04eb0a4a48f\">\n                            \n                            <span class=\"ekit-accordion-title\">Certifications<\/span>\n\n                            \n                                <div class=\"ekit_accordion_icon_group\">\n                                    <div class=\"ekit_accordion_normal_icon\">\n                                        <!-- Normal Icon -->\n\t\t\t\t\t\t\t\t\t\t                                    <\/div>\n\n                                    <div class=\"ekit_accordion_active_icon\">\n                                        <!-- Active Icon -->\n\t\t\t\t\t\t\t\t\t\t                                    <\/div>\n                                <\/div>\n\n                            \n                                                    <\/a>\n                    <\/div>\n\n                    <div id=\"Collapse-65f05616a04eb0a4a48f\" class=\"collapse\" aria-labelledby=\"primaryHeading-1-5f2d7c02\" data-parent=\"#accordion-6a04eb0a4a48f\">\n\n                        <div class=\"elementskit-card-body ekit-accordion--content\">\n                            <ul><li>AFSA (France)<\/li><\/ul>                        <\/div>\n\n                    <\/div>\n\n                <\/div><!-- .elementskit-card END -->\n\n                \n                <div class=\"elementskit-card\">\n                    <div class=\"elementskit-card-header\" id=\"primaryHeading-2-5f2d7c02\">\n                        <a href=\"#collapse-670d4826a04eb0a4a48f\" class=\"ekit-accordion--toggler elementskit-btn-link collapsed\" data-ekit-toggle=\"collapse\" data-target=\"#Collapse-670d4826a04eb0a4a48f\" aria-expanded=\"false\" aria-controls=\"Collapse-670d4826a04eb0a4a48f\">\n                            \n                            <span class=\"ekit-accordion-title\">carri\u00e8re professionnelle<\/span>\n\n                            \n                                <div class=\"ekit_accordion_icon_group\">\n                                    <div class=\"ekit_accordion_normal_icon\">\n                                        <!-- Normal Icon -->\n\t\t\t\t\t\t\t\t\t\t                                    <\/div>\n\n                                    <div class=\"ekit_accordion_active_icon\">\n                                        <!-- Active Icon -->\n\t\t\t\t\t\t\t\t\t\t                                    <\/div>\n                                <\/div>\n\n                            \n                                                    <\/a>\n                    <\/div>\n\n                    <div id=\"Collapse-670d4826a04eb0a4a48f\" class=\"collapse\" aria-labelledby=\"primaryHeading-2-5f2d7c02\" data-parent=\"#accordion-6a04eb0a4a48f\">\n\n                        <div class=\"elementskit-card-body ekit-accordion--content\">\n                            <ul><li>Le Dr Altroudi a particip\u00e9 \u00e0 plusieurs campagnes chirurgicales b\u00e9n\u00e9voles en Syrie, en Inde et \u00e0 Duba\u00ef pour aider les pauvres dans les villages recul\u00e9s \u00e0 restaurer la vue et a \u00e9galement re\u00e7u des certificats d'appr\u00e9ciation de l'initiative Noor Dubai, Duba\u00ef, et de l'Institut d'Ophtalmologie Sahai, en Inde.<\/li><\/ul>                        <\/div>\n\n                    <\/div>\n\n                <\/div><!-- .elementskit-card END -->\n\n                \n                <div class=\"elementskit-card\">\n                    <div class=\"elementskit-card-header\" id=\"primaryHeading-3-5f2d7c02\">\n                        <a href=\"#collapse-c8900766a04eb0a4a48f\" class=\"ekit-accordion--toggler elementskit-btn-link collapsed\" data-ekit-toggle=\"collapse\" data-target=\"#Collapse-c8900766a04eb0a4a48f\" aria-expanded=\"false\" aria-controls=\"Collapse-c8900766a04eb0a4a48f\">\n                            \n                            <span class=\"ekit-accordion-title\">R\u00e9alisations<\/span>\n\n                            \n                                <div class=\"ekit_accordion_icon_group\">\n                                    <div class=\"ekit_accordion_normal_icon\">\n                                        <!-- Normal Icon -->\n\t\t\t\t\t\t\t\t\t\t                                    <\/div>\n\n                                    <div class=\"ekit_accordion_active_icon\">\n                                        <!-- Active Icon -->\n\t\t\t\t\t\t\t\t\t\t                                    <\/div>\n                                <\/div>\n\n                            \n                                                    <\/a>\n                    <\/div>\n\n                    <div id=\"Collapse-c8900766a04eb0a4a48f\" class=\"collapse\" aria-labelledby=\"primaryHeading-3-5f2d7c02\" data-parent=\"#accordion-6a04eb0a4a48f\">\n\n                        <div class=\"elementskit-card-body ekit-accordion--content\">\n                            <p>Dans le segment post\u00e9rieur, le Dr Altroudi poss\u00e8de une vaste exp\u00e9rience en r\u00e9tine m\u00e9dicale, telle que le traitement au laser des d\u00e9chirures r\u00e9tiniennes et de la r\u00e9tinopathie diab\u00e9tique, ainsi que les injections intravitr\u00e9ennes d'agents th\u00e9rapeutiques tels que le triamcinolone, le bevacizumab (AVASTIN) et le ranibizumab (LUCENTIS) pour le traitement de la r\u00e9tinopathie diab\u00e9tique, de la d\u00e9g\u00e9n\u00e9rescence maculaire li\u00e9e \u00e0 l'\u00e2ge et des maladies vasculaires r\u00e9tiniennes.<\/p>                        <\/div>\n\n                    <\/div>\n\n                <\/div><!-- .elementskit-card END -->\n\n                \n                <div class=\"elementskit-card\">\n                    <div class=\"elementskit-card-header\" id=\"primaryHeading-4-5f2d7c02\">\n                        <a href=\"#collapse-23a8c206a04eb0a4a48f\" class=\"ekit-accordion--toggler elementskit-btn-link collapsed\" data-ekit-toggle=\"collapse\" data-target=\"#Collapse-23a8c206a04eb0a4a48f\" aria-expanded=\"false\" aria-controls=\"Collapse-23a8c206a04eb0a4a48f\">\n                            \n                            <span class=\"ekit-accordion-title\">Centres d'int\u00e9r\u00eat<\/span>\n\n                            \n                                <div class=\"ekit_accordion_icon_group\">\n                                    <div class=\"ekit_accordion_normal_icon\">\n                                        <!-- Normal Icon -->\n\t\t\t\t\t\t\t\t\t\t                                    <\/div>\n\n                                    <div class=\"ekit_accordion_active_icon\">\n                                        <!-- Active Icon -->\n\t\t\t\t\t\t\t\t\t\t                                    <\/div>\n                                <\/div>\n\n                            \n                                                    <\/a>\n                    <\/div>\n\n                    <div id=\"Collapse-23a8c206a04eb0a4a48f\" class=\"collapse\" aria-labelledby=\"primaryHeading-4-5f2d7c02\" data-parent=\"#accordion-6a04eb0a4a48f\">\n\n                        <div class=\"elementskit-card-body ekit-accordion--content\">\n                            <p>\u2013 Phako\u00e9mulsification et implants IOL (mono et multifocaux) pour la cataracte<br \/>\u2013 Chirurgie r\u00e9fractive (LASIK, EPILASIK) et chirurgie par lentilles intraoculaires phakes<br \/>\u2013 Chirurgie de la corn\u00e9e (k\u00e9ratoplastie)<br \/>\u2013 K\u00e9ratoc\u00f4ne proc\u00e9dures r\u00e9fractives (PKR guid\u00e9e par topographie avec CXL) et implants ICL toriques<br \/>\u2013 Chirurgie de reconstruction de la surface oculaire (cellules souches et greffe de membrane amniotique)<br \/>\u2013 Laser r\u00e9tinien pour les d\u00e9chirures r\u00e9tiniennes, la r\u00e9tinopathie diab\u00e9tique et les troubles vasculaires r\u00e9tiniens<br \/>\u2013 Anti-VEGF intravitr\u00e9ens et st\u00e9ro\u00efdes pour la d\u00e9g\u00e9n\u00e9rescence maculaire li\u00e9e \u00e0 l'\u00e2ge, la r\u00e9tinopathie diab\u00e9tique et les troubles vasculaires r\u00e9tiniens.<\/p>                        <\/div>\n\n                    <\/div>\n\n                <\/div><!-- .elementskit-card END -->\n\n                                        <\/div>\n    <\/div>\t\t\t\t<\/div>\n\t\t\t\t<\/div>\n\t\t\t\t\t<\/div>\n\t\t\t\t<\/div>\n\t\t<div class=\"elementor-element elementor-element-7a836399 e-flex e-con-boxed e-con e-parent\" data-id=\"7a836399\" data-element_type=\"container\" data-e-type=\"container\" data-settings=\"{&quot;background_background&quot;:&quot;classic&quot;}\">\n\t\t\t\t\t<div class=\"e-con-inner\">\n\t\t\t\t<div class=\"elementor-element elementor-element-7fa8e8e0 elementor-align-center elementor-widget elementor-widget-button\" data-id=\"7fa8e8e0\" data-element_type=\"widget\" data-e-type=\"widget\" data-widget_type=\"button.default\">\n\t\t\t\t\t\t\t\t\t\t<a class=\"elementor-button elementor-button-link elementor-size-sm elementor-animation-grow\" href=\"#\">\n\t\t\t\t\t\t<span class=\"elementor-button-content-wrapper\">\n\t\t\t\t\t\t\t\t\t<span class=\"elementor-button-text\">Prendre un rendez-vous<\/span>\n\t\t\t\t\t<\/span>\n\t\t\t\t\t<\/a>\n\t\t\t\t\t\t\t\t<\/div>\n\t\t\t\t\t<\/div>\n\t\t\t\t<\/div>\n\t\t\t\t<\/div>","protected":false},"excerpt":{"rendered":"<p>Dr. Wassim El Troudi Consultant Ophthalmologist Dr. Altroudi\u2019s expertise comprises diverse clinical ophthalmic case-mix, Corneal Diseases and Dystrophy, especially Keratoconus [&hellip;]<\/p>\n","protected":false},"author":1,"featured_media":340,"parent":0,"menu_order":0,"comment_status":"closed","ping_status":"closed","template":"","meta":{"site-sidebar-layout":"no-sidebar","site-content-layout":"","ast-site-content-layout":"full-width-container","site-content-style":"default","site-sidebar-style":"default","ast-global-header-display":"","ast-banner-title-visibility":"","ast-main-header-display":"","ast-hfb-above-header-display":"","ast-hfb-below-header-display":"","ast-hfb-mobile-header-display":"","site-post-title":"disabled","ast-breadcrumbs-content":"","ast-featured-img":"disabled","footer-sml-layout":"","ast-disable-related-posts":"","theme-transparent-header-meta":"","adv-header-id-meta":"","stick-header-meta":"","header-above-stick-meta":"","header-main-stick-meta":"","header-below-stick-meta":"","astra-migrate-meta-layouts":"default","ast-page-background-enabled":"default","ast-page-background-meta":{"desktop":{"background-color":"var(--ast-global-color-5)","background-image":"","background-repeat":"repeat","background-position":"center center","background-size":"auto","background-attachment":"scroll","background-type":"","background-media":"","overlay-type":"","overlay-color":"","overlay-opacity":"","overlay-gradient":""},"tablet":{"background-color":"","background-image":"","background-repeat":"repeat","background-position":"center center","background-size":"auto","background-attachment":"scroll","background-type":"","background-media":"","overlay-type":"","overlay-color":"","overlay-opacity":"","overlay-gradient":""},"mobile":{"background-color":"","background-image":"","background-repeat":"repeat","background-position":"center center","background-size":"auto","background-attachment":"scroll","background-type":"","background-media":"","overlay-type":"","overlay-color":"","overlay-opacity":"","overlay-gradient":""}},"ast-content-background-meta":{"desktop":{"background-color":"var(--ast-global-color-4)","background-image":"","background-repeat":"repeat","background-position":"center center","background-size":"auto","background-attachment":"scroll","background-type":"","background-media":"","overlay-type":"","overlay-color":"","overlay-opacity":"","overlay-gradient":""},"tablet":{"background-color":"var(--ast-global-color-4)","background-image":"","background-repeat":"repeat","background-position":"center center","background-size":"auto","background-attachment":"scroll","background-type":"","background-media":"","overlay-type":"","overlay-color":"","overlay-opacity":"","overlay-gradient":""},"mobile":{"background-color":"var(--ast-global-color-4)","background-image":"","background-repeat":"repeat","background-position":"center center","background-size":"auto","background-attachment":"scroll","background-type":"","background-media":"","overlay-type":"","overlay-color":"","overlay-opacity":"","overlay-gradient":""}},"footnotes":""},"class_list":["post-928","page","type-page","status-publish","has-post-thumbnail","hentry"],"_links":{"self":[{"href":"https:\/\/ebsaar.ae\/fr\/wp-json\/wp\/v2\/pages\/928","targetHints":{"allow":["GET"]}}],"collection":[{"href":"https:\/\/ebsaar.ae\/fr\/wp-json\/wp\/v2\/pages"}],"about":[{"href":"https:\/\/ebsaar.ae\/fr\/wp-json\/wp\/v2\/types\/page"}],"author":[{"embeddable":true,"href":"https:\/\/ebsaar.ae\/fr\/wp-json\/wp\/v2\/users\/1"}],"replies":[{"embeddable":true,"href":"https:\/\/ebsaar.ae\/fr\/wp-json\/wp\/v2\/comments?post=928"}],"version-history":[{"count":10,"href":"https:\/\/ebsaar.ae\/fr\/wp-json\/wp\/v2\/pages\/928\/revisions"}],"predecessor-version":[{"id":1587,"href":"https:\/\/ebsaar.ae\/fr\/wp-json\/wp\/v2\/pages\/928\/revisions\/1587"}],"wp:featuredmedia":[{"embeddable":true,"href":"https:\/\/ebsaar.ae\/fr\/wp-json\/wp\/v2\/media\/340"}],"wp:attachment":[{"href":"https:\/\/ebsaar.ae\/fr\/wp-json\/wp\/v2\/media?parent=928"}],"curies":[{"name":"wp","href":"https:\/\/api.w.org\/{rel}","templated":true}]}}